{"id":23356,"date":"2023-08-30T09:14:39","date_gmt":"2023-08-30T14:14:39","guid":{"rendered":"https:\/\/emancipet.org\/documental\/"},"modified":"2025-04-17T12:54:58","modified_gmt":"2025-04-17T17:54:58","slug":"documentary","status":"publish","type":"page","link":"https:\/\/emancipet.org\/es\/documentary\/","title":{"rendered":"Documental"},"content":{"rendered":"\t\t<div data-elementor-type=\"wp-page\" data-elementor-id=\"23356\" class=\"elementor elementor-23356 elementor-20572\" data-elementor-post-type=\"page\">\n\t\t\t\t<div class=\"elementor-element elementor-element-6a93f87 herosection e-flex e-con-boxed e-con e-parent\" data-id=\"6a93f87\" data-element_type=\"container\" data-e-type=\"container\">\n\t\t\t\t\t<div class=\"e-con-inner\">\n\t\t<div class=\"elementor-element elementor-element-04bc9a3 e-flex e-con-boxed e-con e-child\" data-id=\"04bc9a3\" data-element_type=\"container\" data-e-type=\"container\" data-settings=\"{&quot;background_background&quot;:&quot;classic&quot;}\">\n\t\t\t\t\t<div class=\"e-con-inner\">\n\t\t\t\t<div class=\"elementor-element elementor-element-9c68061 elementor-absolute elementor-widget elementor-widget-image\" data-id=\"9c68061\" data-element_type=\"widget\" data-e-type=\"widget\" data-settings=\"{&quot;_position&quot;:&quot;absolute&quot;}\" data-widget_type=\"image.default\">\n\t\t\t\t<div class=\"elementor-widget-container\">\n\t\t\t\t\t\t\t\t\t\t\t\t\t\t\t<img fetchpriority=\"high\" decoding=\"async\" width=\"673\" height=\"504\" src=\"https:\/\/emancipet.org\/wp-content\/uploads\/2023\/08\/e-dog-02.webp\" class=\"attachment-medium_large size-medium_large wp-image-22385\" alt=\"\" srcset=\"https:\/\/emancipet.org\/wp-content\/uploads\/2023\/08\/e-dog-02.webp 673w, https:\/\/emancipet.org\/wp-content\/uploads\/2023\/08\/e-dog-02-300x225.webp 300w\" sizes=\"(max-width: 673px) 100vw, 673px\" \/>\t\t\t\t\t\t\t\t\t\t\t\t\t\t\t<\/div>\n\t\t\t\t<\/div>\n\t\t\t\t<div class=\"elementor-element elementor-element-8776840 elementor-widget__width-initial elementor-widget elementor-widget-heading\" data-id=\"8776840\" data-element_type=\"widget\" data-e-type=\"widget\" data-widget_type=\"heading.default\">\n\t\t\t\t<div class=\"elementor-widget-container\">\n\t\t\t\t\t<h1 class=\"elementor-heading-title elementor-size-default\">Documental Emancipet<\/h1>\t\t\t\t<\/div>\n\t\t\t\t<\/div>\n\t\t\t\t\t<\/div>\n\t\t\t\t<\/div>\n\t\t\t\t\t<\/div>\n\t\t\t\t<\/div>\n\t\t<div class=\"elementor-element elementor-element-00fc9dd e-flex e-con-boxed e-con e-parent\" data-id=\"00fc9dd\" data-element_type=\"container\" data-e-type=\"container\">\n\t\t\t\t\t<div class=\"e-con-inner\">\n\t\t<div class=\"elementor-element elementor-element-7a716f3 pam e-flex e-con-boxed e-con e-child\" data-id=\"7a716f3\" data-element_type=\"container\" data-e-type=\"container\" data-settings=\"{&quot;background_background&quot;:&quot;classic&quot;}\">\n\t\t\t\t\t<div class=\"e-con-inner\">\n\t\t<div class=\"elementor-element elementor-element-33d7289 e-flex e-con-boxed e-con e-child\" data-id=\"33d7289\" data-element_type=\"container\" data-e-type=\"container\">\n\t\t\t\t\t<div class=\"e-con-inner\">\n\t\t\t\t<div class=\"elementor-element elementor-element-e017482 rounded elementor-widget elementor-widget-video\" data-id=\"e017482\" data-element_type=\"widget\" data-e-type=\"widget\" data-settings=\"{&quot;youtube_url&quot;:&quot;https:\\\/\\\/youtu.be\\\/SvWnZMcRSpQ?feature=shared&quot;,&quot;video_type&quot;:&quot;youtube&quot;,&quot;controls&quot;:&quot;yes&quot;}\" data-widget_type=\"video.default\">\n\t\t\t\t<div class=\"elementor-widget-container\">\n\t\t\t\t\t\t\t<div class=\"elementor-wrapper elementor-open-inline\">\n\t\t\t<div class=\"elementor-video\"><\/div>\t\t<\/div>\n\t\t\t\t\t\t<\/div>\n\t\t\t\t<\/div>\n\t\t\t\t<div class=\"elementor-element elementor-element-10e7f05 elementor-widget elementor-widget-spacer\" data-id=\"10e7f05\" data-element_type=\"widget\" data-e-type=\"widget\" data-widget_type=\"spacer.default\">\n\t\t\t\t<div class=\"elementor-widget-container\">\n\t\t\t\t\t\t\t<div class=\"elementor-spacer\">\n\t\t\t<div class=\"elementor-spacer-inner\"><\/div>\n\t\t<\/div>\n\t\t\t\t\t\t<\/div>\n\t\t\t\t<\/div>\n\t\t\t\t<div class=\"elementor-element elementor-element-7960913 elementor-widget__width-auto elementor-widget elementor-widget-heading\" data-id=\"7960913\" data-element_type=\"widget\" data-e-type=\"widget\" data-widget_type=\"heading.default\">\n\t\t\t\t<div class=\"elementor-widget-container\">\n\t\t\t\t\t<h3 class=\"elementor-heading-title elementor-size-default\">Que ning\u00fan compa\u00f1ero se quede atr\u00e1s<\/h3>\t\t\t\t<\/div>\n\t\t\t\t<\/div>\n\t\t\t\t<div class=\"elementor-element elementor-element-b42e91c elementor-widget elementor-widget-text-editor\" data-id=\"b42e91c\" data-element_type=\"widget\" data-e-type=\"widget\" data-widget_type=\"text-editor.default\">\n\t\t\t\t<div class=\"elementor-widget-container\">\n\t\t\t\t\t\t\t\t\t<p><em>No Companion Left Behind<\/em>, un cortometraje de <span style=\"text-decoration: underline;\">\n  <a href=\"https:\/\/www.notablehumanfilms.com\/\">Notable Human Films<\/a>\n<\/span>comparte la historia de Emancipet a trav\u00e9s de los ojos de clientes, veterinarios y partes interesadas.<\/p><p>Esta mirada en profundidad al modelo de negocio sin \u00e1nimo de lucro basado en la comunidad de Emancipet, con nuestras tarifas m\u00e1s bajas subvencionadas por donantes, ofrece una visi\u00f3n de nuestra misi\u00f3n y trabajo para hacer que la atenci\u00f3n veterinaria sea asequible y accesible para todos.<\/p><p>Para m\u00e1s informaci\u00f3n, ponte en contacto con nuestro equipo en<br><span style=\"text-decoration: underline;\"><a href=\"mailto:philanthropy@emancipet.org\" target=\"_blank\" rel=\"noopener\">philanthropy@emancipet.org<\/a><\/span><\/p>\t\t\t\t\t\t\t\t<\/div>\n\t\t\t\t<\/div>\n\t\t<div class=\"elementor-element elementor-element-233f4e6 e-grid e-con-boxed e-con e-child\" data-id=\"233f4e6\" data-element_type=\"container\" data-e-type=\"container\">\n\t\t\t\t\t<div class=\"e-con-inner\">\n\t\t\t\t<div class=\"elementor-element elementor-element-7c6c744 elementor-widget elementor-widget-image\" data-id=\"7c6c744\" data-element_type=\"widget\" data-e-type=\"widget\" data-widget_type=\"image.default\">\n\t\t\t\t<div class=\"elementor-widget-container\">\n\t\t\t\t\t\t\t\t\t\t\t\t\t\t\t<img decoding=\"async\" width=\"800\" height=\"528\" src=\"https:\/\/emancipet.org\/wp-content\/uploads\/2024\/04\/laurels_hsf-25-1024x676.png\" class=\"attachment-large size-large wp-image-25230\" alt=\"\" srcset=\"https:\/\/emancipet.org\/wp-content\/uploads\/2024\/04\/laurels_hsf-25-1024x676.png 1024w, https:\/\/emancipet.org\/wp-content\/uploads\/2024\/04\/laurels_hsf-25-300x198.png 300w, https:\/\/emancipet.org\/wp-content\/uploads\/2024\/04\/laurels_hsf-25-768x507.png 768w, https:\/\/emancipet.org\/wp-content\/uploads\/2024\/04\/laurels_hsf-25.png 1263w\" sizes=\"(max-width: 800px) 100vw, 800px\" \/>\t\t\t\t\t\t\t\t\t\t\t\t\t\t\t<\/div>\n\t\t\t\t<\/div>\n\t\t\t\t<div class=\"elementor-element elementor-element-38a9b6e elementor-widget elementor-widget-image\" data-id=\"38a9b6e\" data-element_type=\"widget\" data-e-type=\"widget\" data-widget_type=\"image.default\">\n\t\t\t\t<div class=\"elementor-widget-container\">\n\t\t\t\t\t\t\t\t\t\t\t\t\t\t\t<img decoding=\"async\" width=\"500\" height=\"281\" src=\"https:\/\/emancipet.org\/wp-content\/uploads\/2024\/10\/Now-streaming-on-prime-video.png\" class=\"attachment-large size-large wp-image-29079\" alt=\"Now streaming on prime video.\" srcset=\"https:\/\/emancipet.org\/wp-content\/uploads\/2024\/10\/Now-streaming-on-prime-video.png 500w, https:\/\/emancipet.org\/wp-content\/uploads\/2024\/10\/Now-streaming-on-prime-video-300x169.png 300w\" sizes=\"(max-width: 500px) 100vw, 500px\" \/>\t\t\t\t\t\t\t\t\t\t\t\t\t\t\t<\/div>\n\t\t\t\t<\/div>\n\t\t\t\t\t<\/div>\n\t\t\t\t<\/div>\n\t\t\t\t\t<\/div>\n\t\t\t\t<\/div>\n\t\t<div class=\"elementor-element elementor-element-12600cf e-flex e-con-boxed e-con e-child\" data-id=\"12600cf\" data-element_type=\"container\" data-e-type=\"container\">\n\t\t\t\t\t<div class=\"e-con-inner\">\n\t\t\t\t<div class=\"elementor-element elementor-element-2d30647 elementor-widget elementor-widget-heading\" data-id=\"2d30647\" data-element_type=\"widget\" data-e-type=\"widget\" data-widget_type=\"heading.default\">\n\t\t\t\t<div class=\"elementor-widget-container\">\n\t\t\t\t\t<h2 class=\"elementor-heading-title elementor-size-default\">\u00danete al movimiento<\/h2>\t\t\t\t<\/div>\n\t\t\t\t<\/div>\n\t\t\t\t<div class=\"elementor-element elementor-element-88ffbcd elementor-widget elementor-widget-shortcode\" data-id=\"88ffbcd\" data-element_type=\"widget\" data-e-type=\"widget\" data-widget_type=\"shortcode.default\">\n\t\t\t\t<div class=\"elementor-widget-container\">\n\t\t\t\t\t\t\t<div class=\"elementor-shortcode\"><script src=\"https:\/\/donorbox.org\/widget.js\" paypalexpress=\"false\"><\/script><iframe src=\"https:\/\/donorbox.org\/embed\/emancipet-blog-post-donation?language=en\" name=\"donorbox\" allowpaymentrequest=\"allowpaymentrequest\" seamless=\"seamless\" frameborder=\"0\" scrolling=\"no\" height=\"900px\" width=\"100%\" style=\"max-width: 500px; min-width: 250px; max-height:none!important\" allow=\"payment\"><\/iframe><\/div>\n\t\t\t\t\t\t<\/div>\n\t\t\t\t<\/div>\n\t\t\t\t\t<\/div>\n\t\t\t\t<\/div>\n\t\t\t\t\t<\/div>\n\t\t\t\t<\/div>\n\t\t\t\t\t<\/div>\n\t\t\t\t<\/div>\n\t\t<div class=\"elementor-element elementor-element-c173134 e-con-full e-flex e-con e-parent\" data-id=\"c173134\" data-element_type=\"container\" data-e-type=\"container\">\n\t\t\t\t<div class=\"elementor-element elementor-element-18764c3 elementor-widget elementor-widget-template\" data-id=\"18764c3\" data-element_type=\"widget\" data-e-type=\"widget\" data-widget_type=\"template.default\">\n\t\t\t\t<div class=\"elementor-widget-container\">\n\t\t\t\t\t\t\t<div class=\"elementor-template\">\n\t\t\t\t\t<div data-elementor-type=\"container\" data-elementor-id=\"23478\" class=\"elementor elementor-23478 elementor-20234\" data-elementor-post-type=\"elementor_library\">\n\t\t\t\t<div class=\"elementor-element elementor-element-627d2f75 e-flex e-con-boxed e-con e-parent\" data-id=\"627d2f75\" data-element_type=\"container\" data-e-type=\"container\" data-settings=\"{&quot;background_background&quot;:&quot;gradient&quot;}\">\n\t\t\t\t\t<div class=\"e-con-inner\">\n\t\t<div class=\"elementor-element elementor-element-3f45a75b pam e-flex e-con-boxed e-con e-child\" data-id=\"3f45a75b\" data-element_type=\"container\" data-e-type=\"container\" data-settings=\"{&quot;background_background&quot;:&quot;classic&quot;}\">\n\t\t\t\t\t<div class=\"e-con-inner\">\n\t\t\t\t<div class=\"elementor-element elementor-element-4d6f90a3 elementor-widget__width-auto max-330 elementor-widget elementor-widget-heading\" data-id=\"4d6f90a3\" data-element_type=\"widget\" data-e-type=\"widget\" data-widget_type=\"heading.default\">\n\t\t\t\t<div class=\"elementor-widget-container\">\n\t\t\t\t\t<h3 class=\"elementor-heading-title elementor-size-default\">\u00bfBusca un cuidador de mascotas en su zona?<\/h3>\t\t\t\t<\/div>\n\t\t\t\t<\/div>\n\t\t\t\t<div class=\"elementor-element elementor-element-1fae1dbd elementor-widget elementor-widget-button\" data-id=\"1fae1dbd\" data-element_type=\"widget\" data-e-type=\"widget\" data-widget_type=\"button.default\">\n\t\t\t\t<div class=\"elementor-widget-container\">\n\t\t\t\t\t\t\t\t\t<div class=\"elementor-button-wrapper\">\n\t\t\t\t\t<a class=\"elementor-button elementor-button-link elementor-size-sm\" href=\"https:\/\/emancipet.org\/es\/buscar-una-clinica\/\">\n\t\t\t\t\t\t<span class=\"elementor-button-content-wrapper\">\n\t\t\t\t\t\t<span class=\"elementor-button-icon\">\n\t\t\t\t<svg xmlns=\"http:\/\/www.w3.org\/2000\/svg\" id=\"Layer_1\" viewBox=\"0 0 100 96.0774\"><defs><style>.cls-1{fill:currentColor;}<\/style><\/defs><path class=\"cls-1\" d=\"m18.7964,27.7867c-2.8902-6.5324-9.1144-10.1105-13.9021-7.9921C.1066,21.9128-1.4316,28.9256,1.4586,35.458c2.8905,6.5322,9.1147,10.1105,13.9023,7.9921,4.7877-2.1184,6.3259-9.1311,3.4355-15.6635\"><\/path><path class=\"cls-1\" d=\"m95.1063,19.7945c-4.7881-2.1184-11.0122,1.4597-13.9026,7.9921s-1.3517,13.5451,3.4364,15.6635c4.7864,2.1184,11.0106-1.4599,13.901-7.9921,2.8904-6.5324,1.3534-13.5452-3.4347-15.6635\"><\/path><path class=\"cls-1\" d=\"m39.3142,30.4228c6.0964-1.6568,9.2069-9.7434,6.9468-18.0618C43.9993,4.0424,37.225-1.358,31.1283.2988c-6.0969,1.6568-9.2069,9.7434-6.9463,18.0618,2.2607,8.3186,9.0356,13.719,15.1322,12.0622\"><\/path><path class=\"cls-1\" d=\"m60.6864,30.4228c6.0968,1.6568,12.8719-3.7436,15.1319-12.0622,2.26-8.3184-.8487-16.405-6.9455-18.0618-6.0968-1.6568-12.8719,3.7436-15.1335,12.0622-2.26,8.3184.8504,16.405,6.9472,18.0618\"><\/path><path class=\"cls-1\" d=\"m49.9323,50.1667c-13.3379-14.7062-28.4986-7.9445-33.1341.6358-13.528,25.0406,32.8099,45.169,33.1341,45.2749.3259-.1059,46.663-20.2343,33.1343-45.2749-4.6342-8.5803-19.7959-15.342-33.1343-.6358\"><\/path><\/svg>\t\t\t<\/span>\n\t\t\t\t\t\t\t\t\t<span class=\"elementor-button-text\">Encuentre su cl\u00ednica<\/span>\n\t\t\t\t\t<\/span>\n\t\t\t\t\t<\/a>\n\t\t\t\t<\/div>\n\t\t\t\t\t\t\t\t<\/div>\n\t\t\t\t<\/div>\n\t\t\t\t\t<\/div>\n\t\t\t\t<\/div>\n\t\t\t\t\t<\/div>\n\t\t\t\t<\/div>\n\t\t\t\t<\/div>\n\t\t\t\t<\/div>\n\t\t\t\t\t\t<\/div>\n\t\t\t\t<\/div>\n\t\t\t\t<\/div>\n\t\t\t\t<\/div>\n\t\t","protected":false},"excerpt":{"rendered":"<p>Documental Emancipet Que ning\u00fan compa\u00f1ero se quede atr\u00e1s No Companion Left Behind, un cortometraje de Notable Human Films comparte la historia de Emancipet a trav\u00e9s de los ojos de clientes, veterinarios y partes interesadas. Esta mirada en profundidad al modelo de negocio sin \u00e1nimo de lucro basado en la comunidad de Emancipet, con nuestras tarifas [&hellip;]<\/p>\n","protected":false},"author":281,"featured_media":31077,"parent":0,"menu_order":0,"comment_status":"closed","ping_status":"closed","template":"elementor_header_footer","meta":{"footnotes":""},"class_list":["post-23356","page","type-page","status-publish","has-post-thumbnail","hentry"],"yoast_head":"<!-- This site is optimized with the Yoast SEO Premium plugin v24.2 (Yoast SEO v27.4) - https:\/\/yoast.com\/product\/yoast-seo-premium-wordpress\/ -->\n<title>Documental - Emancipet<\/title>\n<meta name=\"robots\" content=\"index, follow, max-snippet:-1, max-image-preview:large, max-video-preview:-1\" \/>\n<link rel=\"canonical\" href=\"https:\/\/emancipet.org\/es\/documentary\/\" \/>\n<meta property=\"og:locale\" content=\"es_ES\" \/>\n<meta property=\"og:type\" content=\"article\" \/>\n<meta property=\"og:title\" content=\"Documental\" \/>\n<meta property=\"og:description\" content=\"Documental Emancipet Que ning\u00fan compa\u00f1ero se quede atr\u00e1s No Companion Left Behind, un cortometraje de Notable Human Films comparte la historia de Emancipet a trav\u00e9s de los ojos de clientes, veterinarios y partes interesadas. Esta mirada en profundidad al modelo de negocio sin \u00e1nimo de lucro basado en la comunidad de Emancipet, con nuestras tarifas [&hellip;]\" \/>\n<meta property=\"og:url\" content=\"https:\/\/emancipet.org\/es\/documentary\/\" \/>\n<meta property=\"og:site_name\" content=\"Emancipet\" \/>\n<meta property=\"article:modified_time\" content=\"2025-04-17T17:54:58+00:00\" \/>\n<meta property=\"og:image\" content=\"https:\/\/emancipet.org\/wp-content\/uploads\/2025\/04\/Emancipet-Open-Graph-Option-1.jpg\" \/>\n\t<meta property=\"og:image:width\" content=\"1646\" \/>\n\t<meta property=\"og:image:height\" content=\"864\" \/>\n\t<meta property=\"og:image:type\" content=\"image\/jpeg\" \/>\n<meta name=\"twitter:card\" content=\"summary_large_image\" \/>\n<meta name=\"twitter:site\" content=\"@Emancipet\" \/>\n<meta name=\"twitter:label1\" content=\"Tiempo de lectura\" \/>\n\t<meta name=\"twitter:data1\" content=\"1 minuto\" \/>\n<script type=\"application\/ld+json\" class=\"yoast-schema-graph\">{\"@context\":\"https:\\\/\\\/schema.org\",\"@graph\":[{\"@type\":\"WebPage\",\"@id\":\"https:\\\/\\\/emancipet.org\\\/es\\\/documentary\\\/\",\"url\":\"https:\\\/\\\/emancipet.org\\\/es\\\/documentary\\\/\",\"name\":\"Documental - Emancipet\",\"isPartOf\":{\"@id\":\"https:\\\/\\\/emancipet.org\\\/es\\\/#website\"},\"primaryImageOfPage\":{\"@id\":\"https:\\\/\\\/emancipet.org\\\/es\\\/documentary\\\/#primaryimage\"},\"image\":{\"@id\":\"https:\\\/\\\/emancipet.org\\\/es\\\/documentary\\\/#primaryimage\"},\"thumbnailUrl\":\"https:\\\/\\\/emancipet.org\\\/wp-content\\\/uploads\\\/2025\\\/04\\\/Emancipet-Open-Graph-Option-1.jpg\",\"datePublished\":\"2023-08-30T14:14:39+00:00\",\"dateModified\":\"2025-04-17T17:54:58+00:00\",\"breadcrumb\":{\"@id\":\"https:\\\/\\\/emancipet.org\\\/es\\\/documentary\\\/#breadcrumb\"},\"inLanguage\":\"es\",\"potentialAction\":[{\"@type\":\"ReadAction\",\"target\":[\"https:\\\/\\\/emancipet.org\\\/es\\\/documentary\\\/\"]}]},{\"@type\":\"ImageObject\",\"inLanguage\":\"es\",\"@id\":\"https:\\\/\\\/emancipet.org\\\/es\\\/documentary\\\/#primaryimage\",\"url\":\"https:\\\/\\\/emancipet.org\\\/wp-content\\\/uploads\\\/2025\\\/04\\\/Emancipet-Open-Graph-Option-1.jpg\",\"contentUrl\":\"https:\\\/\\\/emancipet.org\\\/wp-content\\\/uploads\\\/2025\\\/04\\\/Emancipet-Open-Graph-Option-1.jpg\",\"width\":1646,\"height\":864},{\"@type\":\"BreadcrumbList\",\"@id\":\"https:\\\/\\\/emancipet.org\\\/es\\\/documentary\\\/#breadcrumb\",\"itemListElement\":[{\"@type\":\"ListItem\",\"position\":1,\"name\":\"Home\",\"item\":\"https:\\\/\\\/emancipet.org\\\/es\\\/emancipet\\\/\"},{\"@type\":\"ListItem\",\"position\":2,\"name\":\"Documental\"}]},{\"@type\":\"WebSite\",\"@id\":\"https:\\\/\\\/emancipet.org\\\/es\\\/#website\",\"url\":\"https:\\\/\\\/emancipet.org\\\/es\\\/\",\"name\":\"Emancipet\",\"description\":\"Low Cost Vet Clinics\",\"publisher\":{\"@id\":\"https:\\\/\\\/emancipet.org\\\/es\\\/#organization\"},\"potentialAction\":[{\"@type\":\"SearchAction\",\"target\":{\"@type\":\"EntryPoint\",\"urlTemplate\":\"https:\\\/\\\/emancipet.org\\\/es\\\/?s={search_term_string}\"},\"query-input\":{\"@type\":\"PropertyValueSpecification\",\"valueRequired\":true,\"valueName\":\"search_term_string\"}}],\"inLanguage\":\"es\"},{\"@type\":\"Organization\",\"@id\":\"https:\\\/\\\/emancipet.org\\\/es\\\/#organization\",\"name\":\"Emancipet\",\"url\":\"https:\\\/\\\/emancipet.org\\\/es\\\/\",\"logo\":{\"@type\":\"ImageObject\",\"inLanguage\":\"es\",\"@id\":\"https:\\\/\\\/emancipet.org\\\/es\\\/#\\\/schema\\\/logo\\\/image\\\/\",\"url\":\"\",\"contentUrl\":\"\",\"caption\":\"Emancipet\"},\"image\":{\"@id\":\"https:\\\/\\\/emancipet.org\\\/es\\\/#\\\/schema\\\/logo\\\/image\\\/\"},\"sameAs\":[\"https:\\\/\\\/x.com\\\/Emancipet\"]}]}<\/script>\n<!-- \/ Yoast SEO Premium plugin. -->","yoast_head_json":{"title":"Documental - Emancipet","robots":{"index":"index","follow":"follow","max-snippet":"max-snippet:-1","max-image-preview":"max-image-preview:large","max-video-preview":"max-video-preview:-1"},"canonical":"https:\/\/emancipet.org\/es\/documentary\/","og_locale":"es_ES","og_type":"article","og_title":"Documental","og_description":"Documental Emancipet Que ning\u00fan compa\u00f1ero se quede atr\u00e1s No Companion Left Behind, un cortometraje de Notable Human Films comparte la historia de Emancipet a trav\u00e9s de los ojos de clientes, veterinarios y partes interesadas. Esta mirada en profundidad al modelo de negocio sin \u00e1nimo de lucro basado en la comunidad de Emancipet, con nuestras tarifas [&hellip;]","og_url":"https:\/\/emancipet.org\/es\/documentary\/","og_site_name":"Emancipet","article_modified_time":"2025-04-17T17:54:58+00:00","og_image":[{"width":1646,"height":864,"url":"https:\/\/emancipet.org\/wp-content\/uploads\/2025\/04\/Emancipet-Open-Graph-Option-1.jpg","type":"image\/jpeg"}],"twitter_card":"summary_large_image","twitter_site":"@Emancipet","twitter_misc":{"Tiempo de lectura":"1 minuto"},"schema":{"@context":"https:\/\/schema.org","@graph":[{"@type":"WebPage","@id":"https:\/\/emancipet.org\/es\/documentary\/","url":"https:\/\/emancipet.org\/es\/documentary\/","name":"Documental - Emancipet","isPartOf":{"@id":"https:\/\/emancipet.org\/es\/#website"},"primaryImageOfPage":{"@id":"https:\/\/emancipet.org\/es\/documentary\/#primaryimage"},"image":{"@id":"https:\/\/emancipet.org\/es\/documentary\/#primaryimage"},"thumbnailUrl":"https:\/\/emancipet.org\/wp-content\/uploads\/2025\/04\/Emancipet-Open-Graph-Option-1.jpg","datePublished":"2023-08-30T14:14:39+00:00","dateModified":"2025-04-17T17:54:58+00:00","breadcrumb":{"@id":"https:\/\/emancipet.org\/es\/documentary\/#breadcrumb"},"inLanguage":"es","potentialAction":[{"@type":"ReadAction","target":["https:\/\/emancipet.org\/es\/documentary\/"]}]},{"@type":"ImageObject","inLanguage":"es","@id":"https:\/\/emancipet.org\/es\/documentary\/#primaryimage","url":"https:\/\/emancipet.org\/wp-content\/uploads\/2025\/04\/Emancipet-Open-Graph-Option-1.jpg","contentUrl":"https:\/\/emancipet.org\/wp-content\/uploads\/2025\/04\/Emancipet-Open-Graph-Option-1.jpg","width":1646,"height":864},{"@type":"BreadcrumbList","@id":"https:\/\/emancipet.org\/es\/documentary\/#breadcrumb","itemListElement":[{"@type":"ListItem","position":1,"name":"Home","item":"https:\/\/emancipet.org\/es\/emancipet\/"},{"@type":"ListItem","position":2,"name":"Documental"}]},{"@type":"WebSite","@id":"https:\/\/emancipet.org\/es\/#website","url":"https:\/\/emancipet.org\/es\/","name":"Emancipet","description":"Low Cost Vet Clinics","publisher":{"@id":"https:\/\/emancipet.org\/es\/#organization"},"potentialAction":[{"@type":"SearchAction","target":{"@type":"EntryPoint","urlTemplate":"https:\/\/emancipet.org\/es\/?s={search_term_string}"},"query-input":{"@type":"PropertyValueSpecification","valueRequired":true,"valueName":"search_term_string"}}],"inLanguage":"es"},{"@type":"Organization","@id":"https:\/\/emancipet.org\/es\/#organization","name":"Emancipet","url":"https:\/\/emancipet.org\/es\/","logo":{"@type":"ImageObject","inLanguage":"es","@id":"https:\/\/emancipet.org\/es\/#\/schema\/logo\/image\/","url":"","contentUrl":"","caption":"Emancipet"},"image":{"@id":"https:\/\/emancipet.org\/es\/#\/schema\/logo\/image\/"},"sameAs":["https:\/\/x.com\/Emancipet"]}]}},"_links":{"self":[{"href":"https:\/\/emancipet.org\/es\/wp-json\/wp\/v2\/pages\/23356","targetHints":{"allow":["GET"]}}],"collection":[{"href":"https:\/\/emancipet.org\/es\/wp-json\/wp\/v2\/pages"}],"about":[{"href":"https:\/\/emancipet.org\/es\/wp-json\/wp\/v2\/types\/page"}],"author":[{"embeddable":true,"href":"https:\/\/emancipet.org\/es\/wp-json\/wp\/v2\/users\/281"}],"replies":[{"embeddable":true,"href":"https:\/\/emancipet.org\/es\/wp-json\/wp\/v2\/comments?post=23356"}],"version-history":[{"count":0,"href":"https:\/\/emancipet.org\/es\/wp-json\/wp\/v2\/pages\/23356\/revisions"}],"wp:featuredmedia":[{"embeddable":true,"href":"https:\/\/emancipet.org\/es\/wp-json\/wp\/v2\/media\/31077"}],"wp:attachment":[{"href":"https:\/\/emancipet.org\/es\/wp-json\/wp\/v2\/media?parent=23356"}],"curies":[{"name":"wp","href":"https:\/\/api.w.org\/{rel}","templated":true}]}}