{"id":24199,"date":"2023-08-30T10:09:22","date_gmt":"2023-08-30T15:09:22","guid":{"rendered":"https:\/\/emancipet.org\/donar\/donacion-mensual\/"},"modified":"2025-10-27T14:24:14","modified_gmt":"2025-10-27T19:24:14","slug":"donacion-mensual","status":"publish","type":"page","link":"https:\/\/emancipet.org\/es\/dona\/donacion-mensual\/","title":{"rendered":"Donaci\u00f3n mensual"},"content":{"rendered":"\t\t<div data-elementor-type=\"wp-page\" data-elementor-id=\"24199\" class=\"elementor elementor-24199 elementor-20579\" data-elementor-post-type=\"page\">\n\t\t\t\t<div class=\"elementor-element elementor-element-f2663a8 herosection e-flex e-con-boxed e-con e-parent\" data-id=\"f2663a8\" data-element_type=\"container\" data-e-type=\"container\">\n\t\t\t\t\t<div class=\"e-con-inner\">\n\t\t<div class=\"elementor-element elementor-element-83cb646 e-flex e-con-boxed e-con e-child\" data-id=\"83cb646\" data-element_type=\"container\" data-e-type=\"container\" data-settings=\"{&quot;background_background&quot;:&quot;classic&quot;}\">\n\t\t\t\t\t<div class=\"e-con-inner\">\n\t\t\t\t<div class=\"elementor-element elementor-element-bbd1bce elementor-absolute elementor-widget elementor-widget-image\" data-id=\"bbd1bce\" data-element_type=\"widget\" data-e-type=\"widget\" data-settings=\"{&quot;_position&quot;:&quot;absolute&quot;}\" data-widget_type=\"image.default\">\n\t\t\t\t<div class=\"elementor-widget-container\">\n\t\t\t\t\t\t\t\t\t\t\t\t\t\t\t<img fetchpriority=\"high\" decoding=\"async\" width=\"672\" height=\"504\" src=\"https:\/\/emancipet.org\/wp-content\/uploads\/2023\/08\/e-cat-1.webp\" class=\"attachment-medium_large size-medium_large wp-image-22378\" alt=\"\" srcset=\"https:\/\/emancipet.org\/wp-content\/uploads\/2023\/08\/e-cat-1.webp 672w, https:\/\/emancipet.org\/wp-content\/uploads\/2023\/08\/e-cat-1-300x225.webp 300w\" sizes=\"(max-width: 672px) 100vw, 672px\" \/>\t\t\t\t\t\t\t\t\t\t\t\t\t\t\t<\/div>\n\t\t\t\t<\/div>\n\t\t\t\t\t<\/div>\n\t\t\t\t<\/div>\n\t\t\t\t\t<\/div>\n\t\t\t\t<\/div>\n\t\t<div class=\"elementor-element elementor-element-822e2da psection e-flex e-con-boxed e-con e-parent\" data-id=\"822e2da\" data-element_type=\"container\" data-e-type=\"container\">\n\t\t\t\t\t<div class=\"e-con-inner\">\n\t\t<div class=\"elementor-element elementor-element-bdc49c3 e-con-full e-flex e-con e-child\" data-id=\"bdc49c3\" data-element_type=\"container\" data-e-type=\"container\" data-settings=\"{&quot;background_background&quot;:&quot;classic&quot;}\">\n\t\t\t\t<div class=\"elementor-element elementor-element-4291dd1 elementor-widget elementor-widget-image\" data-id=\"4291dd1\" data-element_type=\"widget\" data-e-type=\"widget\" data-widget_type=\"image.default\">\n\t\t\t\t<div class=\"elementor-widget-container\">\n\t\t\t\t\t\t\t\t\t\t\t\t\t\t\t<img decoding=\"async\" width=\"400\" height=\"350\" src=\"https:\/\/emancipet.org\/wp-content\/uploads\/2024\/08\/paws-logo.png\" class=\"attachment-medium_large size-medium_large wp-image-28683\" alt=\"\" srcset=\"https:\/\/emancipet.org\/wp-content\/uploads\/2024\/08\/paws-logo.png 400w, https:\/\/emancipet.org\/wp-content\/uploads\/2024\/08\/paws-logo-300x263.png 300w\" sizes=\"(max-width: 400px) 100vw, 400px\" \/>\t\t\t\t\t\t\t\t\t\t\t\t\t\t\t<\/div>\n\t\t\t\t<\/div>\n\t\t\t\t<\/div>\n\t\t<div class=\"elementor-element elementor-element-8cccb54 e-con-full e-flex e-con e-child\" data-id=\"8cccb54\" data-element_type=\"container\" data-e-type=\"container\" data-settings=\"{&quot;background_background&quot;:&quot;classic&quot;}\">\n\t\t\t\t<div class=\"elementor-element elementor-element-1dbbf62 elementor-widget__width-auto elementor-widget elementor-widget-heading\" data-id=\"1dbbf62\" data-element_type=\"widget\" data-e-type=\"widget\" data-widget_type=\"heading.default\">\n\t\t\t\t<div class=\"elementor-widget-container\">\n\t\t\t\t\t<h3 class=\"elementor-heading-title elementor-size-default\">\u00danete al Club PAWS -<\/h3>\t\t\t\t<\/div>\n\t\t\t\t<\/div>\n\t\t\t\t<div class=\"elementor-element elementor-element-05df9ba elementor-widget__width-initial elementor-widget elementor-widget-text-editor\" data-id=\"05df9ba\" data-element_type=\"widget\" data-e-type=\"widget\" data-widget_type=\"text-editor.default\">\n\t\t\t\t<div class=\"elementor-widget-container\">\n\t\t\t\t\t\t\t\t\t<p>\u00danete a PAWS con un Prop\u00f3sito con una donaci\u00f3n de 10 $ o m\u00e1s cada mes. Los donantes mensuales de PAWS con un Prop\u00f3sito hacen donativos recurrentes que financian la atenci\u00f3n veterinaria de bajo coste para las familias de mascotas. Estas donaciones suponen el menor gasto para nuestra organizaci\u00f3n, lo que ayuda a garantizar que tu dinero tenga el mayor impacto posible.  <\/p><p><span style=\"font-weight: 400;\">Los miembros del Club PAWS reciben:<\/span><\/p><ul><li style=\"font-weight: 400;\" aria-level=\"1\"><span style=\"font-weight: 400;\">\u00a1Actualizaciones en nuestras e-noticias, informe de impacto y mucho m\u00e1s!<\/span><\/li><li style=\"font-weight: 400;\" aria-level=\"1\"><span style=\"font-weight: 400;\">Oportunidades para implicarte m\u00e1s con Emancipet y nuestra misi\u00f3n<\/span><\/li><li style=\"font-weight: 400;\" aria-level=\"1\"><span style=\"font-weight: 400;\">Saber que has marcado la diferencia para las familias de mascotas de tu comunidad<\/span><\/li><\/ul>\t\t\t\t\t\t\t\t<\/div>\n\t\t\t\t<\/div>\n\t\t\t\t<\/div>\n\t\t\t\t\t<\/div>\n\t\t\t\t<\/div>\n\t\t<div class=\"elementor-element elementor-element-ea1540f psection e-grid e-con-boxed e-con e-parent\" data-id=\"ea1540f\" data-element_type=\"container\" data-e-type=\"container\">\n\t\t\t\t\t<div class=\"e-con-inner\">\n\t\t<div class=\"elementor-element elementor-element-c1bd982 pam e-flex e-con-boxed e-con e-child\" data-id=\"c1bd982\" data-element_type=\"container\" data-e-type=\"container\" id=\"join\" data-settings=\"{&quot;background_background&quot;:&quot;classic&quot;}\">\n\t\t\t\t\t<div class=\"e-con-inner\">\n\t\t\t\t<div class=\"elementor-element elementor-element-f8ed21a elementor-widget__width-auto elementor-widget elementor-widget-heading\" data-id=\"f8ed21a\" data-element_type=\"widget\" data-e-type=\"widget\" data-widget_type=\"heading.default\">\n\t\t\t\t<div class=\"elementor-widget-container\">\n\t\t\t\t\t<h3 class=\"elementor-heading-title elementor-size-default\">C\u00f3mo afiliarse<\/h3>\t\t\t\t<\/div>\n\t\t\t\t<\/div>\n\t\t<div class=\"elementor-element elementor-element-739bec9 max-850 e-flex e-con-boxed e-con e-child\" data-id=\"739bec9\" data-element_type=\"container\" data-e-type=\"container\">\n\t\t\t\t\t<div class=\"e-con-inner\">\n\t\t\t\t<div class=\"elementor-element elementor-element-1788753 elementor-widget elementor-widget-text-editor\" data-id=\"1788753\" data-element_type=\"widget\" data-e-type=\"widget\" data-widget_type=\"text-editor.default\">\n\t\t\t\t<div class=\"elementor-widget-container\">\n\t\t\t\t\t\t\t\t\t<p>Para unirte al Club PAWS, s\u00f3lo tienes que configurar tu regalo mensual y \u00a1ya est\u00e1s dentro!<\/p>\t\t\t\t\t\t\t\t<\/div>\n\t\t\t\t<\/div>\n\t\t\t\t<div class=\"elementor-element elementor-element-855175c form-fix elementor-widget elementor-widget-shortcode\" data-id=\"855175c\" data-element_type=\"widget\" data-e-type=\"widget\" data-widget_type=\"shortcode.default\">\n\t\t\t\t<div class=\"elementor-widget-container\">\n\t\t\t\t\t\t\t<div class=\"elementor-shortcode\"><script src=\"https:\/\/donorbox.org\/widget.js\" paypalexpress=\"true\"><\/script> <iframe src=\"https:\/\/donorbox.org\/embed\/monthly-giving-emancipet-nose-to-tail?\" name=\"donorbox\" allowpaymentrequest=\"allowpaymentrequest\" seamless=\"seamless\" frameborder=\"0\" scrolling=\"no\" height=\"900px\" width=\"100%\" style=\"max-width: 500px; min-width: 250px; max-height:none!important\" allow=\"payment\"><\/iframe><\/div>\n\t\t\t\t\t\t<\/div>\n\t\t\t\t<\/div>\n\t\t\t\t\t<\/div>\n\t\t\t\t<\/div>\n\t\t\t\t\t<\/div>\n\t\t\t\t<\/div>\n\t\t\t\t\t<\/div>\n\t\t\t\t<\/div>\n\t\t<div class=\"elementor-element elementor-element-1e23bde e-con-full e-flex e-con e-parent\" data-id=\"1e23bde\" data-element_type=\"container\" data-e-type=\"container\">\n\t\t\t\t<div class=\"elementor-element elementor-element-bc08c3d elementor-widget elementor-widget-template\" data-id=\"bc08c3d\" data-element_type=\"widget\" data-e-type=\"widget\" data-widget_type=\"template.default\">\n\t\t\t\t<div class=\"elementor-widget-container\">\n\t\t\t\t\t\t\t<div class=\"elementor-template\">\n\t\t\t\t\t<div data-elementor-type=\"container\" data-elementor-id=\"23478\" class=\"elementor elementor-23478 elementor-20234\" data-elementor-post-type=\"elementor_library\">\n\t\t\t\t<div class=\"elementor-element elementor-element-627d2f75 e-flex e-con-boxed e-con e-parent\" data-id=\"627d2f75\" data-element_type=\"container\" data-e-type=\"container\" data-settings=\"{&quot;background_background&quot;:&quot;gradient&quot;}\">\n\t\t\t\t\t<div class=\"e-con-inner\">\n\t\t<div class=\"elementor-element elementor-element-3f45a75b pam e-flex e-con-boxed e-con e-child\" data-id=\"3f45a75b\" data-element_type=\"container\" data-e-type=\"container\" data-settings=\"{&quot;background_background&quot;:&quot;classic&quot;}\">\n\t\t\t\t\t<div class=\"e-con-inner\">\n\t\t\t\t<div class=\"elementor-element elementor-element-4d6f90a3 elementor-widget__width-auto max-330 elementor-widget elementor-widget-heading\" data-id=\"4d6f90a3\" data-element_type=\"widget\" data-e-type=\"widget\" data-widget_type=\"heading.default\">\n\t\t\t\t<div class=\"elementor-widget-container\">\n\t\t\t\t\t<h3 class=\"elementor-heading-title elementor-size-default\">\u00bfBusca un cuidador de mascotas en su zona?<\/h3>\t\t\t\t<\/div>\n\t\t\t\t<\/div>\n\t\t\t\t<div class=\"elementor-element elementor-element-1fae1dbd elementor-widget elementor-widget-button\" data-id=\"1fae1dbd\" data-element_type=\"widget\" data-e-type=\"widget\" data-widget_type=\"button.default\">\n\t\t\t\t<div class=\"elementor-widget-container\">\n\t\t\t\t\t\t\t\t\t<div class=\"elementor-button-wrapper\">\n\t\t\t\t\t<a class=\"elementor-button elementor-button-link elementor-size-sm\" href=\"https:\/\/emancipet.org\/es\/buscar-una-clinica\/\">\n\t\t\t\t\t\t<span class=\"elementor-button-content-wrapper\">\n\t\t\t\t\t\t<span class=\"elementor-button-icon\">\n\t\t\t\t<svg xmlns=\"http:\/\/www.w3.org\/2000\/svg\" id=\"Layer_1\" viewBox=\"0 0 100 96.0774\"><defs><style>.cls-1{fill:currentColor;}<\/style><\/defs><path class=\"cls-1\" d=\"m18.7964,27.7867c-2.8902-6.5324-9.1144-10.1105-13.9021-7.9921C.1066,21.9128-1.4316,28.9256,1.4586,35.458c2.8905,6.5322,9.1147,10.1105,13.9023,7.9921,4.7877-2.1184,6.3259-9.1311,3.4355-15.6635\"><\/path><path class=\"cls-1\" d=\"m95.1063,19.7945c-4.7881-2.1184-11.0122,1.4597-13.9026,7.9921s-1.3517,13.5451,3.4364,15.6635c4.7864,2.1184,11.0106-1.4599,13.901-7.9921,2.8904-6.5324,1.3534-13.5452-3.4347-15.6635\"><\/path><path class=\"cls-1\" d=\"m39.3142,30.4228c6.0964-1.6568,9.2069-9.7434,6.9468-18.0618C43.9993,4.0424,37.225-1.358,31.1283.2988c-6.0969,1.6568-9.2069,9.7434-6.9463,18.0618,2.2607,8.3186,9.0356,13.719,15.1322,12.0622\"><\/path><path class=\"cls-1\" d=\"m60.6864,30.4228c6.0968,1.6568,12.8719-3.7436,15.1319-12.0622,2.26-8.3184-.8487-16.405-6.9455-18.0618-6.0968-1.6568-12.8719,3.7436-15.1335,12.0622-2.26,8.3184.8504,16.405,6.9472,18.0618\"><\/path><path class=\"cls-1\" d=\"m49.9323,50.1667c-13.3379-14.7062-28.4986-7.9445-33.1341.6358-13.528,25.0406,32.8099,45.169,33.1341,45.2749.3259-.1059,46.663-20.2343,33.1343-45.2749-4.6342-8.5803-19.7959-15.342-33.1343-.6358\"><\/path><\/svg>\t\t\t<\/span>\n\t\t\t\t\t\t\t\t\t<span class=\"elementor-button-text\">Encuentre su cl\u00ednica<\/span>\n\t\t\t\t\t<\/span>\n\t\t\t\t\t<\/a>\n\t\t\t\t<\/div>\n\t\t\t\t\t\t\t\t<\/div>\n\t\t\t\t<\/div>\n\t\t\t\t\t<\/div>\n\t\t\t\t<\/div>\n\t\t\t\t\t<\/div>\n\t\t\t\t<\/div>\n\t\t\t\t<\/div>\n\t\t\t\t<\/div>\n\t\t\t\t\t\t<\/div>\n\t\t\t\t<\/div>\n\t\t\t\t<\/div>\n\t\t\t\t<\/div>\n\t\t","protected":false},"excerpt":{"rendered":"<p>\u00danete al Club PAWS &#8211; \u00danete a PAWS con un Prop\u00f3sito con una donaci\u00f3n de 10 $ o m\u00e1s cada mes. Los donantes mensuales de PAWS con un Prop\u00f3sito hacen donativos recurrentes que financian la atenci\u00f3n veterinaria de bajo coste para las familias de mascotas. Estas donaciones suponen el menor gasto para nuestra organizaci\u00f3n, lo [&hellip;]<\/p>\n","protected":false},"author":281,"featured_media":31077,"parent":23276,"menu_order":0,"comment_status":"closed","ping_status":"closed","template":"elementor_header_footer","meta":{"footnotes":""},"class_list":["post-24199","page","type-page","status-publish","has-post-thumbnail","hentry"],"yoast_head":"<!-- This site is optimized with the Yoast SEO Premium plugin v24.2 (Yoast SEO v27.4) - https:\/\/yoast.com\/product\/yoast-seo-premium-wordpress\/ -->\n<title>Donaci\u00f3n mensual - Emancipet<\/title>\n<meta name=\"description\" content=\"\u00danete al equipo Nose to Tail con una donaci\u00f3n de 10 $ o m\u00e1s cada mes para ofrecer atenci\u00f3n veterinaria que salva vidas y recibe una bolsa Emancipet de edici\u00f3n limitada.\" \/>\n<meta name=\"robots\" content=\"index, follow, max-snippet:-1, max-image-preview:large, max-video-preview:-1\" \/>\n<link rel=\"canonical\" href=\"https:\/\/emancipet.org\/es\/dona\/donacion-mensual\/\" \/>\n<meta property=\"og:locale\" content=\"es_ES\" \/>\n<meta property=\"og:type\" content=\"article\" \/>\n<meta property=\"og:title\" content=\"Donaci\u00f3n mensual\" \/>\n<meta property=\"og:description\" content=\"\u00danete al equipo Nose to Tail con una donaci\u00f3n de 10 $ o m\u00e1s cada mes para ofrecer atenci\u00f3n veterinaria que salva vidas y recibe una bolsa Emancipet de edici\u00f3n limitada.\" \/>\n<meta property=\"og:url\" content=\"https:\/\/emancipet.org\/es\/dona\/donacion-mensual\/\" \/>\n<meta property=\"og:site_name\" content=\"Emancipet\" \/>\n<meta property=\"article:modified_time\" content=\"2025-10-27T19:24:14+00:00\" \/>\n<meta property=\"og:image\" content=\"https:\/\/emancipet.org\/wp-content\/uploads\/2025\/04\/Emancipet-Open-Graph-Option-1.jpg\" \/>\n\t<meta property=\"og:image:width\" content=\"1646\" \/>\n\t<meta property=\"og:image:height\" content=\"864\" \/>\n\t<meta property=\"og:image:type\" content=\"image\/jpeg\" \/>\n<meta name=\"twitter:card\" content=\"summary_large_image\" \/>\n<meta name=\"twitter:site\" content=\"@Emancipet\" \/>\n<meta name=\"twitter:label1\" content=\"Tiempo de lectura\" \/>\n\t<meta name=\"twitter:data1\" content=\"2 minutos\" \/>\n<script type=\"application\/ld+json\" class=\"yoast-schema-graph\">{\"@context\":\"https:\\\/\\\/schema.org\",\"@graph\":[{\"@type\":\"WebPage\",\"@id\":\"https:\\\/\\\/emancipet.org\\\/es\\\/dona\\\/donacion-mensual\\\/\",\"url\":\"https:\\\/\\\/emancipet.org\\\/es\\\/dona\\\/donacion-mensual\\\/\",\"name\":\"Donaci\u00f3n mensual - Emancipet\",\"isPartOf\":{\"@id\":\"https:\\\/\\\/emancipet.org\\\/es\\\/#website\"},\"primaryImageOfPage\":{\"@id\":\"https:\\\/\\\/emancipet.org\\\/es\\\/dona\\\/donacion-mensual\\\/#primaryimage\"},\"image\":{\"@id\":\"https:\\\/\\\/emancipet.org\\\/es\\\/dona\\\/donacion-mensual\\\/#primaryimage\"},\"thumbnailUrl\":\"https:\\\/\\\/emancipet.org\\\/wp-content\\\/uploads\\\/2025\\\/04\\\/Emancipet-Open-Graph-Option-1.jpg\",\"datePublished\":\"2023-08-30T15:09:22+00:00\",\"dateModified\":\"2025-10-27T19:24:14+00:00\",\"description\":\"\u00danete al equipo Nose to Tail con una donaci\u00f3n de 10 $ o m\u00e1s cada mes para ofrecer atenci\u00f3n veterinaria que salva vidas y recibe una bolsa Emancipet de edici\u00f3n limitada.\",\"breadcrumb\":{\"@id\":\"https:\\\/\\\/emancipet.org\\\/es\\\/dona\\\/donacion-mensual\\\/#breadcrumb\"},\"inLanguage\":\"es\",\"potentialAction\":[{\"@type\":\"ReadAction\",\"target\":[\"https:\\\/\\\/emancipet.org\\\/es\\\/dona\\\/donacion-mensual\\\/\"]}]},{\"@type\":\"ImageObject\",\"inLanguage\":\"es\",\"@id\":\"https:\\\/\\\/emancipet.org\\\/es\\\/dona\\\/donacion-mensual\\\/#primaryimage\",\"url\":\"https:\\\/\\\/emancipet.org\\\/wp-content\\\/uploads\\\/2025\\\/04\\\/Emancipet-Open-Graph-Option-1.jpg\",\"contentUrl\":\"https:\\\/\\\/emancipet.org\\\/wp-content\\\/uploads\\\/2025\\\/04\\\/Emancipet-Open-Graph-Option-1.jpg\",\"width\":1646,\"height\":864},{\"@type\":\"BreadcrumbList\",\"@id\":\"https:\\\/\\\/emancipet.org\\\/es\\\/dona\\\/donacion-mensual\\\/#breadcrumb\",\"itemListElement\":[{\"@type\":\"ListItem\",\"position\":1,\"name\":\"Home\",\"item\":\"https:\\\/\\\/emancipet.org\\\/es\\\/emancipet\\\/\"},{\"@type\":\"ListItem\",\"position\":2,\"name\":\"Donar\",\"item\":\"https:\\\/\\\/emancipet.org\\\/es\\\/dona\\\/\"},{\"@type\":\"ListItem\",\"position\":3,\"name\":\"Donaci\u00f3n mensual\"}]},{\"@type\":\"WebSite\",\"@id\":\"https:\\\/\\\/emancipet.org\\\/es\\\/#website\",\"url\":\"https:\\\/\\\/emancipet.org\\\/es\\\/\",\"name\":\"Emancipet\",\"description\":\"Low Cost Vet Clinics\",\"publisher\":{\"@id\":\"https:\\\/\\\/emancipet.org\\\/es\\\/#organization\"},\"potentialAction\":[{\"@type\":\"SearchAction\",\"target\":{\"@type\":\"EntryPoint\",\"urlTemplate\":\"https:\\\/\\\/emancipet.org\\\/es\\\/?s={search_term_string}\"},\"query-input\":{\"@type\":\"PropertyValueSpecification\",\"valueRequired\":true,\"valueName\":\"search_term_string\"}}],\"inLanguage\":\"es\"},{\"@type\":\"Organization\",\"@id\":\"https:\\\/\\\/emancipet.org\\\/es\\\/#organization\",\"name\":\"Emancipet\",\"url\":\"https:\\\/\\\/emancipet.org\\\/es\\\/\",\"logo\":{\"@type\":\"ImageObject\",\"inLanguage\":\"es\",\"@id\":\"https:\\\/\\\/emancipet.org\\\/es\\\/#\\\/schema\\\/logo\\\/image\\\/\",\"url\":\"\",\"contentUrl\":\"\",\"caption\":\"Emancipet\"},\"image\":{\"@id\":\"https:\\\/\\\/emancipet.org\\\/es\\\/#\\\/schema\\\/logo\\\/image\\\/\"},\"sameAs\":[\"https:\\\/\\\/x.com\\\/Emancipet\"]}]}<\/script>\n<!-- \/ Yoast SEO Premium plugin. -->","yoast_head_json":{"title":"Donaci\u00f3n mensual - Emancipet","description":"\u00danete al equipo Nose to Tail con una donaci\u00f3n de 10 $ o m\u00e1s cada mes para ofrecer atenci\u00f3n veterinaria que salva vidas y recibe una bolsa Emancipet de edici\u00f3n limitada.","robots":{"index":"index","follow":"follow","max-snippet":"max-snippet:-1","max-image-preview":"max-image-preview:large","max-video-preview":"max-video-preview:-1"},"canonical":"https:\/\/emancipet.org\/es\/dona\/donacion-mensual\/","og_locale":"es_ES","og_type":"article","og_title":"Donaci\u00f3n mensual","og_description":"\u00danete al equipo Nose to Tail con una donaci\u00f3n de 10 $ o m\u00e1s cada mes para ofrecer atenci\u00f3n veterinaria que salva vidas y recibe una bolsa Emancipet de edici\u00f3n limitada.","og_url":"https:\/\/emancipet.org\/es\/dona\/donacion-mensual\/","og_site_name":"Emancipet","article_modified_time":"2025-10-27T19:24:14+00:00","og_image":[{"width":1646,"height":864,"url":"https:\/\/emancipet.org\/wp-content\/uploads\/2025\/04\/Emancipet-Open-Graph-Option-1.jpg","type":"image\/jpeg"}],"twitter_card":"summary_large_image","twitter_site":"@Emancipet","twitter_misc":{"Tiempo de lectura":"2 minutos"},"schema":{"@context":"https:\/\/schema.org","@graph":[{"@type":"WebPage","@id":"https:\/\/emancipet.org\/es\/dona\/donacion-mensual\/","url":"https:\/\/emancipet.org\/es\/dona\/donacion-mensual\/","name":"Donaci\u00f3n mensual - Emancipet","isPartOf":{"@id":"https:\/\/emancipet.org\/es\/#website"},"primaryImageOfPage":{"@id":"https:\/\/emancipet.org\/es\/dona\/donacion-mensual\/#primaryimage"},"image":{"@id":"https:\/\/emancipet.org\/es\/dona\/donacion-mensual\/#primaryimage"},"thumbnailUrl":"https:\/\/emancipet.org\/wp-content\/uploads\/2025\/04\/Emancipet-Open-Graph-Option-1.jpg","datePublished":"2023-08-30T15:09:22+00:00","dateModified":"2025-10-27T19:24:14+00:00","description":"\u00danete al equipo Nose to Tail con una donaci\u00f3n de 10 $ o m\u00e1s cada mes para ofrecer atenci\u00f3n veterinaria que salva vidas y recibe una bolsa Emancipet de edici\u00f3n limitada.","breadcrumb":{"@id":"https:\/\/emancipet.org\/es\/dona\/donacion-mensual\/#breadcrumb"},"inLanguage":"es","potentialAction":[{"@type":"ReadAction","target":["https:\/\/emancipet.org\/es\/dona\/donacion-mensual\/"]}]},{"@type":"ImageObject","inLanguage":"es","@id":"https:\/\/emancipet.org\/es\/dona\/donacion-mensual\/#primaryimage","url":"https:\/\/emancipet.org\/wp-content\/uploads\/2025\/04\/Emancipet-Open-Graph-Option-1.jpg","contentUrl":"https:\/\/emancipet.org\/wp-content\/uploads\/2025\/04\/Emancipet-Open-Graph-Option-1.jpg","width":1646,"height":864},{"@type":"BreadcrumbList","@id":"https:\/\/emancipet.org\/es\/dona\/donacion-mensual\/#breadcrumb","itemListElement":[{"@type":"ListItem","position":1,"name":"Home","item":"https:\/\/emancipet.org\/es\/emancipet\/"},{"@type":"ListItem","position":2,"name":"Donar","item":"https:\/\/emancipet.org\/es\/dona\/"},{"@type":"ListItem","position":3,"name":"Donaci\u00f3n mensual"}]},{"@type":"WebSite","@id":"https:\/\/emancipet.org\/es\/#website","url":"https:\/\/emancipet.org\/es\/","name":"Emancipet","description":"Low Cost Vet Clinics","publisher":{"@id":"https:\/\/emancipet.org\/es\/#organization"},"potentialAction":[{"@type":"SearchAction","target":{"@type":"EntryPoint","urlTemplate":"https:\/\/emancipet.org\/es\/?s={search_term_string}"},"query-input":{"@type":"PropertyValueSpecification","valueRequired":true,"valueName":"search_term_string"}}],"inLanguage":"es"},{"@type":"Organization","@id":"https:\/\/emancipet.org\/es\/#organization","name":"Emancipet","url":"https:\/\/emancipet.org\/es\/","logo":{"@type":"ImageObject","inLanguage":"es","@id":"https:\/\/emancipet.org\/es\/#\/schema\/logo\/image\/","url":"","contentUrl":"","caption":"Emancipet"},"image":{"@id":"https:\/\/emancipet.org\/es\/#\/schema\/logo\/image\/"},"sameAs":["https:\/\/x.com\/Emancipet"]}]}},"_links":{"self":[{"href":"https:\/\/emancipet.org\/es\/wp-json\/wp\/v2\/pages\/24199","targetHints":{"allow":["GET"]}}],"collection":[{"href":"https:\/\/emancipet.org\/es\/wp-json\/wp\/v2\/pages"}],"about":[{"href":"https:\/\/emancipet.org\/es\/wp-json\/wp\/v2\/types\/page"}],"author":[{"embeddable":true,"href":"https:\/\/emancipet.org\/es\/wp-json\/wp\/v2\/users\/281"}],"replies":[{"embeddable":true,"href":"https:\/\/emancipet.org\/es\/wp-json\/wp\/v2\/comments?post=24199"}],"version-history":[{"count":0,"href":"https:\/\/emancipet.org\/es\/wp-json\/wp\/v2\/pages\/24199\/revisions"}],"up":[{"embeddable":true,"href":"https:\/\/emancipet.org\/es\/wp-json\/wp\/v2\/pages\/23276"}],"wp:featuredmedia":[{"embeddable":true,"href":"https:\/\/emancipet.org\/es\/wp-json\/wp\/v2\/media\/31077"}],"wp:attachment":[{"href":"https:\/\/emancipet.org\/es\/wp-json\/wp\/v2\/media?parent=24199"}],"curies":[{"name":"wp","href":"https:\/\/api.w.org\/{rel}","templated":true}]}}