{"id":24234,"date":"2023-08-30T13:14:32","date_gmt":"2023-08-30T18:14:32","guid":{"rendered":"https:\/\/emancipet.org\/donar\/stock-regalos\/"},"modified":"2025-04-17T12:57:03","modified_gmt":"2025-04-17T17:57:03","slug":"stock-regalos","status":"publish","type":"page","link":"https:\/\/emancipet.org\/es\/dona\/stock-regalos\/","title":{"rendered":"Regalos de stock"},"content":{"rendered":"\t\t<div data-elementor-type=\"wp-page\" data-elementor-id=\"24234\" class=\"elementor elementor-24234 elementor-20584\" data-elementor-post-type=\"page\">\n\t\t\t\t<div class=\"elementor-element elementor-element-f071226 herosection e-flex e-con-boxed e-con e-parent\" data-id=\"f071226\" data-element_type=\"container\" data-e-type=\"container\">\n\t\t\t\t\t<div class=\"e-con-inner\">\n\t\t<div class=\"elementor-element elementor-element-4339c31 e-flex e-con-boxed e-con e-child\" data-id=\"4339c31\" data-element_type=\"container\" data-e-type=\"container\" data-settings=\"{&quot;background_background&quot;:&quot;classic&quot;}\">\n\t\t\t\t\t<div class=\"e-con-inner\">\n\t\t\t\t<div class=\"elementor-element elementor-element-1091b6d elementor-absolute elementor-widget elementor-widget-image\" data-id=\"1091b6d\" data-element_type=\"widget\" data-e-type=\"widget\" data-settings=\"{&quot;_position&quot;:&quot;absolute&quot;}\" data-widget_type=\"image.default\">\n\t\t\t\t<div class=\"elementor-widget-container\">\n\t\t\t\t\t\t\t\t\t\t\t\t\t\t\t<img fetchpriority=\"high\" decoding=\"async\" width=\"673\" height=\"505\" src=\"https:\/\/emancipet.org\/wp-content\/uploads\/2023\/08\/e-cat-3.webp\" class=\"attachment-medium_large size-medium_large wp-image-22381\" alt=\"\" srcset=\"https:\/\/emancipet.org\/wp-content\/uploads\/2023\/08\/e-cat-3.webp 673w, https:\/\/emancipet.org\/wp-content\/uploads\/2023\/08\/e-cat-3-300x225.webp 300w\" sizes=\"(max-width: 673px) 100vw, 673px\" \/>\t\t\t\t\t\t\t\t\t\t\t\t\t\t\t<\/div>\n\t\t\t\t<\/div>\n\t\t\t\t<div class=\"elementor-element elementor-element-ea0518f service-title elementor-widget elementor-widget-heading\" data-id=\"ea0518f\" data-element_type=\"widget\" data-e-type=\"widget\" data-widget_type=\"heading.default\">\n\t\t\t\t<div class=\"elementor-widget-container\">\n\t\t\t\t\t<h1 class=\"elementor-heading-title elementor-size-default\">Acciones y valores<\/h1>\t\t\t\t<\/div>\n\t\t\t\t<\/div>\n\t\t\t\t\t<\/div>\n\t\t\t\t<\/div>\n\t\t\t\t\t<\/div>\n\t\t\t\t<\/div>\n\t\t<div class=\"elementor-element elementor-element-6fd9653 psection e-flex e-con-boxed e-con e-parent\" data-id=\"6fd9653\" data-element_type=\"container\" data-e-type=\"container\">\n\t\t\t\t\t<div class=\"e-con-inner\">\n\t\t<div class=\"elementor-element elementor-element-026b56b e-con-full e-flex e-con e-child\" data-id=\"026b56b\" data-element_type=\"container\" data-e-type=\"container\" data-settings=\"{&quot;background_background&quot;:&quot;classic&quot;}\">\n\t\t\t\t<\/div>\n\t\t<div class=\"elementor-element elementor-element-5126607 e-con-full e-flex e-con e-child\" data-id=\"5126607\" data-element_type=\"container\" data-e-type=\"container\" data-settings=\"{&quot;background_background&quot;:&quot;classic&quot;}\">\n\t\t\t\t<div class=\"elementor-element elementor-element-89a423b elementor-widget__width-auto elementor-widget elementor-widget-heading\" data-id=\"89a423b\" data-element_type=\"widget\" data-e-type=\"widget\" data-widget_type=\"heading.default\">\n\t\t\t\t<div class=\"elementor-widget-container\">\n\t\t\t\t\t<h3 class=\"elementor-heading-title elementor-size-default\">\u00bfPrefiere donar acciones o valores?<\/h3>\t\t\t\t<\/div>\n\t\t\t\t<\/div>\n\t\t\t\t<div class=\"elementor-element elementor-element-36b519d elementor-widget__width-initial elementor-widget elementor-widget-text-editor\" data-id=\"36b519d\" data-element_type=\"widget\" data-e-type=\"widget\" data-widget_type=\"text-editor.default\">\n\t\t\t\t<div class=\"elementor-widget-container\">\n\t\t\t\t\t\t\t\t\t<p>Puede hacer una donaci\u00f3n al Emancipet con acciones u otros valores (bonos o fondos de inversi\u00f3n). Las donaciones de acciones y valores le permiten tener un impacto inmediato en nuestra misi\u00f3n de proporcionar atenci\u00f3n veterinaria asequible y accesible a todas las familias de mascotas.<\/p><p><strong>Para donar acciones u otros valores por v\u00eda electr\u00f3nica, informe a su corredor de que el destino es:<\/strong><\/p><p>Emancipet, Inc.<br>c\/o Charles Schwab &amp; Co.<br>DTC #0164 C\u00f3digo 40<br>Cuenta de corretaje 64159126<\/p><p>Por favor, notif\u00edcanos una transferencia electr\u00f3nica de acciones o valores: <span style=\"text-decoration: underline; color: #ffffff;\"><a style=\"color: #ffffff; text-decoration: underline;\" href=\"mailto:philanthropy@emancipet.org\" target=\"_blank\" rel=\"noopener\">philanthropy@emancipet.org<\/a><\/span> o llama al 512.956.4748<\/p><p><strong>\u00bfPreguntas?<\/strong><br>Ponte en contacto con nosotros en<br><a style=\"color: #ffffff; text-decoration: underline;\" href=\"mailto:philanthropy@emancipet.org\" target=\"_blank\" rel=\"noopener\">philanthropy@emancipet.org<\/a><br>512.956.4748<\/p>\t\t\t\t\t\t\t\t<\/div>\n\t\t\t\t<\/div>\n\t\t\t\t<\/div>\n\t\t\t\t\t<\/div>\n\t\t\t\t<\/div>\n\t\t<div class=\"elementor-element elementor-element-e841004 e-con-full e-flex e-con e-parent\" data-id=\"e841004\" data-element_type=\"container\" data-e-type=\"container\">\n\t\t\t\t<div class=\"elementor-element elementor-element-11b35a3 elementor-widget elementor-widget-template\" data-id=\"11b35a3\" data-element_type=\"widget\" data-e-type=\"widget\" data-widget_type=\"template.default\">\n\t\t\t\t<div class=\"elementor-widget-container\">\n\t\t\t\t\t\t\t<div class=\"elementor-template\">\n\t\t\t\t\t<div data-elementor-type=\"container\" data-elementor-id=\"23478\" class=\"elementor elementor-23478 elementor-20234\" data-elementor-post-type=\"elementor_library\">\n\t\t\t\t<div class=\"elementor-element elementor-element-627d2f75 e-flex e-con-boxed e-con e-parent\" data-id=\"627d2f75\" data-element_type=\"container\" data-e-type=\"container\" data-settings=\"{&quot;background_background&quot;:&quot;gradient&quot;}\">\n\t\t\t\t\t<div class=\"e-con-inner\">\n\t\t<div class=\"elementor-element elementor-element-3f45a75b pam e-flex e-con-boxed e-con e-child\" data-id=\"3f45a75b\" data-element_type=\"container\" data-e-type=\"container\" data-settings=\"{&quot;background_background&quot;:&quot;classic&quot;}\">\n\t\t\t\t\t<div class=\"e-con-inner\">\n\t\t\t\t<div class=\"elementor-element elementor-element-4d6f90a3 elementor-widget__width-auto max-330 elementor-widget elementor-widget-heading\" data-id=\"4d6f90a3\" data-element_type=\"widget\" data-e-type=\"widget\" data-widget_type=\"heading.default\">\n\t\t\t\t<div class=\"elementor-widget-container\">\n\t\t\t\t\t<h3 class=\"elementor-heading-title elementor-size-default\">\u00bfBusca un cuidador de mascotas en su zona?<\/h3>\t\t\t\t<\/div>\n\t\t\t\t<\/div>\n\t\t\t\t<div class=\"elementor-element elementor-element-1fae1dbd elementor-widget elementor-widget-button\" data-id=\"1fae1dbd\" data-element_type=\"widget\" data-e-type=\"widget\" data-widget_type=\"button.default\">\n\t\t\t\t<div class=\"elementor-widget-container\">\n\t\t\t\t\t\t\t\t\t<div class=\"elementor-button-wrapper\">\n\t\t\t\t\t<a class=\"elementor-button elementor-button-link elementor-size-sm\" href=\"https:\/\/emancipet.org\/es\/buscar-una-clinica\/\">\n\t\t\t\t\t\t<span class=\"elementor-button-content-wrapper\">\n\t\t\t\t\t\t<span class=\"elementor-button-icon\">\n\t\t\t\t<svg xmlns=\"http:\/\/www.w3.org\/2000\/svg\" id=\"Layer_1\" viewBox=\"0 0 100 96.0774\"><defs><style>.cls-1{fill:currentColor;}<\/style><\/defs><path class=\"cls-1\" d=\"m18.7964,27.7867c-2.8902-6.5324-9.1144-10.1105-13.9021-7.9921C.1066,21.9128-1.4316,28.9256,1.4586,35.458c2.8905,6.5322,9.1147,10.1105,13.9023,7.9921,4.7877-2.1184,6.3259-9.1311,3.4355-15.6635\"><\/path><path class=\"cls-1\" d=\"m95.1063,19.7945c-4.7881-2.1184-11.0122,1.4597-13.9026,7.9921s-1.3517,13.5451,3.4364,15.6635c4.7864,2.1184,11.0106-1.4599,13.901-7.9921,2.8904-6.5324,1.3534-13.5452-3.4347-15.6635\"><\/path><path class=\"cls-1\" d=\"m39.3142,30.4228c6.0964-1.6568,9.2069-9.7434,6.9468-18.0618C43.9993,4.0424,37.225-1.358,31.1283.2988c-6.0969,1.6568-9.2069,9.7434-6.9463,18.0618,2.2607,8.3186,9.0356,13.719,15.1322,12.0622\"><\/path><path class=\"cls-1\" d=\"m60.6864,30.4228c6.0968,1.6568,12.8719-3.7436,15.1319-12.0622,2.26-8.3184-.8487-16.405-6.9455-18.0618-6.0968-1.6568-12.8719,3.7436-15.1335,12.0622-2.26,8.3184.8504,16.405,6.9472,18.0618\"><\/path><path class=\"cls-1\" d=\"m49.9323,50.1667c-13.3379-14.7062-28.4986-7.9445-33.1341.6358-13.528,25.0406,32.8099,45.169,33.1341,45.2749.3259-.1059,46.663-20.2343,33.1343-45.2749-4.6342-8.5803-19.7959-15.342-33.1343-.6358\"><\/path><\/svg>\t\t\t<\/span>\n\t\t\t\t\t\t\t\t\t<span class=\"elementor-button-text\">Encuentre su cl\u00ednica<\/span>\n\t\t\t\t\t<\/span>\n\t\t\t\t\t<\/a>\n\t\t\t\t<\/div>\n\t\t\t\t\t\t\t\t<\/div>\n\t\t\t\t<\/div>\n\t\t\t\t\t<\/div>\n\t\t\t\t<\/div>\n\t\t\t\t\t<\/div>\n\t\t\t\t<\/div>\n\t\t\t\t<\/div>\n\t\t\t\t<\/div>\n\t\t\t\t\t\t<\/div>\n\t\t\t\t<\/div>\n\t\t\t\t<\/div>\n\t\t\t\t<\/div>\n\t\t","protected":false},"excerpt":{"rendered":"<p>Acciones y valores \u00bfPrefiere donar acciones o valores? Puede hacer una donaci\u00f3n al Emancipet con acciones u otros valores (bonos o fondos de inversi\u00f3n). Las donaciones de acciones y valores le permiten tener un impacto inmediato en nuestra misi\u00f3n de proporcionar atenci\u00f3n veterinaria asequible y accesible a todas las familias de mascotas. Para donar acciones [&hellip;]<\/p>\n","protected":false},"author":281,"featured_media":0,"parent":23276,"menu_order":0,"comment_status":"closed","ping_status":"closed","template":"elementor_header_footer","meta":{"footnotes":""},"class_list":["post-24234","page","type-page","status-publish","hentry"],"yoast_head":"<!-- This site is optimized with the Yoast SEO Premium plugin v24.2 (Yoast SEO v27.4) - https:\/\/yoast.com\/product\/yoast-seo-premium-wordpress\/ -->\n<title>Regalos de stock - Emancipet<\/title>\n<meta name=\"description\" content=\"Haga un donativo por cheque, acciones o valores para ayudar a Emancipet a continuar su misi\u00f3n de proporcionar atenci\u00f3n veterinaria de calidad a todos.\" \/>\n<meta name=\"robots\" content=\"index, follow, max-snippet:-1, max-image-preview:large, max-video-preview:-1\" \/>\n<link rel=\"canonical\" href=\"https:\/\/emancipet.org\/es\/dona\/stock-regalos\/\" \/>\n<meta property=\"og:locale\" content=\"es_ES\" \/>\n<meta property=\"og:type\" content=\"article\" \/>\n<meta property=\"og:title\" content=\"Regalos de stock\" \/>\n<meta property=\"og:description\" content=\"Haga un donativo por cheque, acciones o valores para ayudar a Emancipet a continuar su misi\u00f3n de proporcionar atenci\u00f3n veterinaria de calidad a todos.\" \/>\n<meta property=\"og:url\" content=\"https:\/\/emancipet.org\/es\/dona\/stock-regalos\/\" \/>\n<meta property=\"og:site_name\" content=\"Emancipet\" \/>\n<meta property=\"article:modified_time\" content=\"2025-04-17T17:57:03+00:00\" \/>\n<meta property=\"og:image\" content=\"https:\/\/emancipet.org\/wp-content\/uploads\/2023\/08\/e-cat-3.webp\" \/>\n\t<meta property=\"og:image:width\" content=\"673\" \/>\n\t<meta property=\"og:image:height\" content=\"505\" \/>\n\t<meta property=\"og:image:type\" content=\"image\/webp\" \/>\n<meta name=\"twitter:card\" content=\"summary_large_image\" \/>\n<meta name=\"twitter:site\" content=\"@Emancipet\" \/>\n<meta name=\"twitter:label1\" content=\"Tiempo de lectura\" \/>\n\t<meta name=\"twitter:data1\" content=\"1 minuto\" \/>\n<script type=\"application\/ld+json\" class=\"yoast-schema-graph\">{\"@context\":\"https:\\\/\\\/schema.org\",\"@graph\":[{\"@type\":\"WebPage\",\"@id\":\"https:\\\/\\\/emancipet.org\\\/es\\\/dona\\\/stock-regalos\\\/\",\"url\":\"https:\\\/\\\/emancipet.org\\\/es\\\/dona\\\/stock-regalos\\\/\",\"name\":\"Regalos de stock - Emancipet\",\"isPartOf\":{\"@id\":\"https:\\\/\\\/emancipet.org\\\/es\\\/#website\"},\"primaryImageOfPage\":{\"@id\":\"https:\\\/\\\/emancipet.org\\\/es\\\/dona\\\/stock-regalos\\\/#primaryimage\"},\"image\":{\"@id\":\"https:\\\/\\\/emancipet.org\\\/es\\\/dona\\\/stock-regalos\\\/#primaryimage\"},\"thumbnailUrl\":\"https:\\\/\\\/emancipet.org\\\/wp-content\\\/uploads\\\/2023\\\/08\\\/e-cat-3.webp\",\"datePublished\":\"2023-08-30T18:14:32+00:00\",\"dateModified\":\"2025-04-17T17:57:03+00:00\",\"description\":\"Haga un donativo por cheque, acciones o valores para ayudar a Emancipet a continuar su misi\u00f3n de proporcionar atenci\u00f3n veterinaria de calidad a todos.\",\"breadcrumb\":{\"@id\":\"https:\\\/\\\/emancipet.org\\\/es\\\/dona\\\/stock-regalos\\\/#breadcrumb\"},\"inLanguage\":\"es\",\"potentialAction\":[{\"@type\":\"ReadAction\",\"target\":[\"https:\\\/\\\/emancipet.org\\\/es\\\/dona\\\/stock-regalos\\\/\"]}]},{\"@type\":\"ImageObject\",\"inLanguage\":\"es\",\"@id\":\"https:\\\/\\\/emancipet.org\\\/es\\\/dona\\\/stock-regalos\\\/#primaryimage\",\"url\":\"https:\\\/\\\/emancipet.org\\\/wp-content\\\/uploads\\\/2023\\\/08\\\/e-cat-3.webp\",\"contentUrl\":\"https:\\\/\\\/emancipet.org\\\/wp-content\\\/uploads\\\/2023\\\/08\\\/e-cat-3.webp\"},{\"@type\":\"BreadcrumbList\",\"@id\":\"https:\\\/\\\/emancipet.org\\\/es\\\/dona\\\/stock-regalos\\\/#breadcrumb\",\"itemListElement\":[{\"@type\":\"ListItem\",\"position\":1,\"name\":\"Home\",\"item\":\"https:\\\/\\\/emancipet.org\\\/es\\\/emancipet\\\/\"},{\"@type\":\"ListItem\",\"position\":2,\"name\":\"Donar\",\"item\":\"https:\\\/\\\/emancipet.org\\\/es\\\/dona\\\/\"},{\"@type\":\"ListItem\",\"position\":3,\"name\":\"Regalos de stock\"}]},{\"@type\":\"WebSite\",\"@id\":\"https:\\\/\\\/emancipet.org\\\/es\\\/#website\",\"url\":\"https:\\\/\\\/emancipet.org\\\/es\\\/\",\"name\":\"Emancipet\",\"description\":\"Low Cost Vet Clinics\",\"publisher\":{\"@id\":\"https:\\\/\\\/emancipet.org\\\/es\\\/#organization\"},\"potentialAction\":[{\"@type\":\"SearchAction\",\"target\":{\"@type\":\"EntryPoint\",\"urlTemplate\":\"https:\\\/\\\/emancipet.org\\\/es\\\/?s={search_term_string}\"},\"query-input\":{\"@type\":\"PropertyValueSpecification\",\"valueRequired\":true,\"valueName\":\"search_term_string\"}}],\"inLanguage\":\"es\"},{\"@type\":\"Organization\",\"@id\":\"https:\\\/\\\/emancipet.org\\\/es\\\/#organization\",\"name\":\"Emancipet\",\"url\":\"https:\\\/\\\/emancipet.org\\\/es\\\/\",\"logo\":{\"@type\":\"ImageObject\",\"inLanguage\":\"es\",\"@id\":\"https:\\\/\\\/emancipet.org\\\/es\\\/#\\\/schema\\\/logo\\\/image\\\/\",\"url\":\"\",\"contentUrl\":\"\",\"caption\":\"Emancipet\"},\"image\":{\"@id\":\"https:\\\/\\\/emancipet.org\\\/es\\\/#\\\/schema\\\/logo\\\/image\\\/\"},\"sameAs\":[\"https:\\\/\\\/x.com\\\/Emancipet\"]}]}<\/script>\n<!-- \/ Yoast SEO Premium plugin. -->","yoast_head_json":{"title":"Regalos de stock - Emancipet","description":"Haga un donativo por cheque, acciones o valores para ayudar a Emancipet a continuar su misi\u00f3n de proporcionar atenci\u00f3n veterinaria de calidad a todos.","robots":{"index":"index","follow":"follow","max-snippet":"max-snippet:-1","max-image-preview":"max-image-preview:large","max-video-preview":"max-video-preview:-1"},"canonical":"https:\/\/emancipet.org\/es\/dona\/stock-regalos\/","og_locale":"es_ES","og_type":"article","og_title":"Regalos de stock","og_description":"Haga un donativo por cheque, acciones o valores para ayudar a Emancipet a continuar su misi\u00f3n de proporcionar atenci\u00f3n veterinaria de calidad a todos.","og_url":"https:\/\/emancipet.org\/es\/dona\/stock-regalos\/","og_site_name":"Emancipet","article_modified_time":"2025-04-17T17:57:03+00:00","og_image":[{"width":673,"height":505,"url":"https:\/\/emancipet.org\/wp-content\/uploads\/2023\/08\/e-cat-3.webp","type":"image\/webp"}],"twitter_card":"summary_large_image","twitter_site":"@Emancipet","twitter_misc":{"Tiempo de lectura":"1 minuto"},"schema":{"@context":"https:\/\/schema.org","@graph":[{"@type":"WebPage","@id":"https:\/\/emancipet.org\/es\/dona\/stock-regalos\/","url":"https:\/\/emancipet.org\/es\/dona\/stock-regalos\/","name":"Regalos de stock - Emancipet","isPartOf":{"@id":"https:\/\/emancipet.org\/es\/#website"},"primaryImageOfPage":{"@id":"https:\/\/emancipet.org\/es\/dona\/stock-regalos\/#primaryimage"},"image":{"@id":"https:\/\/emancipet.org\/es\/dona\/stock-regalos\/#primaryimage"},"thumbnailUrl":"https:\/\/emancipet.org\/wp-content\/uploads\/2023\/08\/e-cat-3.webp","datePublished":"2023-08-30T18:14:32+00:00","dateModified":"2025-04-17T17:57:03+00:00","description":"Haga un donativo por cheque, acciones o valores para ayudar a Emancipet a continuar su misi\u00f3n de proporcionar atenci\u00f3n veterinaria de calidad a todos.","breadcrumb":{"@id":"https:\/\/emancipet.org\/es\/dona\/stock-regalos\/#breadcrumb"},"inLanguage":"es","potentialAction":[{"@type":"ReadAction","target":["https:\/\/emancipet.org\/es\/dona\/stock-regalos\/"]}]},{"@type":"ImageObject","inLanguage":"es","@id":"https:\/\/emancipet.org\/es\/dona\/stock-regalos\/#primaryimage","url":"https:\/\/emancipet.org\/wp-content\/uploads\/2023\/08\/e-cat-3.webp","contentUrl":"https:\/\/emancipet.org\/wp-content\/uploads\/2023\/08\/e-cat-3.webp"},{"@type":"BreadcrumbList","@id":"https:\/\/emancipet.org\/es\/dona\/stock-regalos\/#breadcrumb","itemListElement":[{"@type":"ListItem","position":1,"name":"Home","item":"https:\/\/emancipet.org\/es\/emancipet\/"},{"@type":"ListItem","position":2,"name":"Donar","item":"https:\/\/emancipet.org\/es\/dona\/"},{"@type":"ListItem","position":3,"name":"Regalos de stock"}]},{"@type":"WebSite","@id":"https:\/\/emancipet.org\/es\/#website","url":"https:\/\/emancipet.org\/es\/","name":"Emancipet","description":"Low Cost Vet Clinics","publisher":{"@id":"https:\/\/emancipet.org\/es\/#organization"},"potentialAction":[{"@type":"SearchAction","target":{"@type":"EntryPoint","urlTemplate":"https:\/\/emancipet.org\/es\/?s={search_term_string}"},"query-input":{"@type":"PropertyValueSpecification","valueRequired":true,"valueName":"search_term_string"}}],"inLanguage":"es"},{"@type":"Organization","@id":"https:\/\/emancipet.org\/es\/#organization","name":"Emancipet","url":"https:\/\/emancipet.org\/es\/","logo":{"@type":"ImageObject","inLanguage":"es","@id":"https:\/\/emancipet.org\/es\/#\/schema\/logo\/image\/","url":"","contentUrl":"","caption":"Emancipet"},"image":{"@id":"https:\/\/emancipet.org\/es\/#\/schema\/logo\/image\/"},"sameAs":["https:\/\/x.com\/Emancipet"]}]}},"_links":{"self":[{"href":"https:\/\/emancipet.org\/es\/wp-json\/wp\/v2\/pages\/24234","targetHints":{"allow":["GET"]}}],"collection":[{"href":"https:\/\/emancipet.org\/es\/wp-json\/wp\/v2\/pages"}],"about":[{"href":"https:\/\/emancipet.org\/es\/wp-json\/wp\/v2\/types\/page"}],"author":[{"embeddable":true,"href":"https:\/\/emancipet.org\/es\/wp-json\/wp\/v2\/users\/281"}],"replies":[{"embeddable":true,"href":"https:\/\/emancipet.org\/es\/wp-json\/wp\/v2\/comments?post=24234"}],"version-history":[{"count":0,"href":"https:\/\/emancipet.org\/es\/wp-json\/wp\/v2\/pages\/24234\/revisions"}],"up":[{"embeddable":true,"href":"https:\/\/emancipet.org\/es\/wp-json\/wp\/v2\/pages\/23276"}],"wp:attachment":[{"href":"https:\/\/emancipet.org\/es\/wp-json\/wp\/v2\/media?parent=24234"}],"curies":[{"name":"wp","href":"https:\/\/api.w.org\/{rel}","templated":true}]}}