{"id":24622,"date":"2024-04-09T08:13:36","date_gmt":"2024-04-09T13:13:36","guid":{"rendered":"https:\/\/emancipet.org\/25th-anniversary\/"},"modified":"2025-01-17T12:25:38","modified_gmt":"2025-01-17T18:25:38","slug":"25th-anniversary","status":"publish","type":"page","link":"https:\/\/emancipet.org\/es\/25th-anniversary\/","title":{"rendered":"25th Anniversary"},"content":{"rendered":"\t\t<div data-elementor-type=\"wp-page\" data-elementor-id=\"24622\" class=\"elementor elementor-24622 elementor-24520\" data-elementor-post-type=\"page\">\n\t\t\t\t<div class=\"elementor-element elementor-element-ec494e3 psection e-flex e-con-boxed e-con e-parent\" data-id=\"ec494e3\" data-element_type=\"container\" data-e-type=\"container\">\n\t\t\t\t\t<div class=\"e-con-inner\">\n\t\t<div class=\"elementor-element elementor-element-959e747 pam e-flex e-con-boxed e-con e-child\" data-id=\"959e747\" data-element_type=\"container\" data-e-type=\"container\" data-settings=\"{&quot;background_background&quot;:&quot;classic&quot;}\">\n\t\t\t\t\t<div class=\"e-con-inner\">\n\t\t<div class=\"elementor-element elementor-element-c55dcd7 e-flex e-con-boxed e-con e-child\" data-id=\"c55dcd7\" data-element_type=\"container\" data-e-type=\"container\">\n\t\t\t\t\t<div class=\"e-con-inner\">\n\t\t\t\t<div class=\"elementor-element elementor-element-5189c40 elementor-widget__width-auto elementor-widget elementor-widget-heading\" data-id=\"5189c40\" data-element_type=\"widget\" data-e-type=\"widget\" data-widget_type=\"heading.default\">\n\t\t\t\t<div class=\"elementor-widget-container\">\n\t\t\t\t\t<h1 class=\"elementor-heading-title elementor-size-default\">Celebramos 25 a\u00f1os de atenci\u00f3n veterinaria asequible y accesible<\/h1>\t\t\t\t<\/div>\n\t\t\t\t<\/div>\n\t\t\t\t<div class=\"elementor-element elementor-element-28f578e elementor-widget elementor-widget-spacer\" data-id=\"28f578e\" data-element_type=\"widget\" data-e-type=\"widget\" data-widget_type=\"spacer.default\">\n\t\t\t\t<div class=\"elementor-widget-container\">\n\t\t\t\t\t\t\t<div class=\"elementor-spacer\">\n\t\t\t<div class=\"elementor-spacer-inner\"><\/div>\n\t\t<\/div>\n\t\t\t\t\t\t<\/div>\n\t\t\t\t<\/div>\n\t\t\t\t<div class=\"elementor-element elementor-element-4d706b2 elementor-widget elementor-widget-button\" data-id=\"4d706b2\" data-element_type=\"widget\" data-e-type=\"widget\" data-widget_type=\"button.default\">\n\t\t\t\t<div class=\"elementor-widget-container\">\n\t\t\t\t\t\t\t\t\t<div class=\"elementor-button-wrapper\">\n\t\t\t\t\t<a class=\"elementor-button elementor-button-link elementor-size-sm\" href=\"https:\/\/emancipet.org\/wp-content\/uploads\/2024\/02\/Website-Impact-Report-2023.pdf\" target=\"_blank\">\n\t\t\t\t\t\t<span class=\"elementor-button-content-wrapper\">\n\t\t\t\t\t\t\t\t\t<span class=\"elementor-button-text\">Ver informe de impacto<\/span>\n\t\t\t\t\t<\/span>\n\t\t\t\t\t<\/a>\n\t\t\t\t<\/div>\n\t\t\t\t\t\t\t\t<\/div>\n\t\t\t\t<\/div>\n\t\t\t\t\t<\/div>\n\t\t\t\t<\/div>\n\t\t<div class=\"elementor-element elementor-element-786d052 e-flex e-con-boxed e-con e-child\" data-id=\"786d052\" data-element_type=\"container\" data-e-type=\"container\" data-settings=\"{&quot;background_background&quot;:&quot;classic&quot;}\">\n\t\t\t\t\t<div class=\"e-con-inner\">\n\t\t\t\t<div class=\"elementor-element elementor-element-ef570d0 elementor-widget elementor-widget-image\" data-id=\"ef570d0\" data-element_type=\"widget\" data-e-type=\"widget\" data-widget_type=\"image.default\">\n\t\t\t\t<div class=\"elementor-widget-container\">\n\t\t\t\t\t\t\t\t\t\t\t\t\t\t\t<img fetchpriority=\"high\" decoding=\"async\" width=\"470\" height=\"300\" src=\"https:\/\/emancipet.org\/wp-content\/uploads\/2024\/04\/25th-logo.png\" class=\"attachment-large size-large wp-image-24522\" alt=\"\" srcset=\"https:\/\/emancipet.org\/wp-content\/uploads\/2024\/04\/25th-logo.png 470w, https:\/\/emancipet.org\/wp-content\/uploads\/2024\/04\/25th-logo-300x191.png 300w\" sizes=\"(max-width: 470px) 100vw, 470px\" \/>\t\t\t\t\t\t\t\t\t\t\t\t\t\t\t<\/div>\n\t\t\t\t<\/div>\n\t\t\t\t\t<\/div>\n\t\t\t\t<\/div>\n\t\t\t\t\t<\/div>\n\t\t\t\t<\/div>\n\t\t\t\t\t<\/div>\n\t\t\t\t<\/div>\n\t\t<div class=\"elementor-element elementor-element-a1e3c7b psection e-flex e-con-boxed e-con e-parent\" data-id=\"a1e3c7b\" data-element_type=\"container\" data-e-type=\"container\">\n\t\t\t\t\t<div class=\"e-con-inner\">\n\t\t<div class=\"elementor-element elementor-element-a593996 pam e-grid e-con-boxed e-con e-child\" data-id=\"a593996\" data-element_type=\"container\" data-e-type=\"container\" data-settings=\"{&quot;background_background&quot;:&quot;classic&quot;}\">\n\t\t\t\t\t<div class=\"e-con-inner\">\n\t\t<div class=\"elementor-element elementor-element-da6317b e-flex e-con-boxed e-con e-child\" data-id=\"da6317b\" data-element_type=\"container\" data-e-type=\"container\">\n\t\t\t\t\t<div class=\"e-con-inner\">\n\t\t\t\t<div class=\"elementor-element elementor-element-6bab162 elementor-widget__width-auto elementor-widget elementor-widget-heading\" data-id=\"6bab162\" data-element_type=\"widget\" data-e-type=\"widget\" data-widget_type=\"heading.default\">\n\t\t\t\t<div class=\"elementor-widget-container\">\n\t\t\t\t\t<h3 class=\"elementor-heading-title elementor-size-default\">Una visi\u00f3n con mentalidad comunitaria<\/h3>\t\t\t\t<\/div>\n\t\t\t\t<\/div>\n\t\t\t\t<div class=\"elementor-element elementor-element-08b94d7 elementor-widget elementor-widget-text-editor\" data-id=\"08b94d7\" data-element_type=\"widget\" data-e-type=\"widget\" data-widget_type=\"text-editor.default\">\n\t\t\t\t<div class=\"elementor-widget-container\">\n\t\t\t\t\t\t\t\t\tEn Emancipet, nuestro principio rector es simple pero poderoso: cada mascota merece atenci\u00f3n veterinaria de primer nivel, independientemente de las circunstancias de su due\u00f1o. Y 2024 se enorgullece de cumplir 25 a\u00f1os haciendo que la atenci\u00f3n veterinaria sea accesible y asequible para las familias de mascotas. Este importante hito no es solo un reflejo de nuestro pasado, sino una celebraci\u00f3n del incre\u00edble viaje que hemos emprendido, posible gracias al apoyo de personas compasivas y la asociaci\u00f3n de otras organizaciones con mentalidad comunitaria. Gracias por ser una parte integral del incre\u00edble viaje de Emancipet. \u00a1Brindemos por 25 a\u00f1os de compasi\u00f3n, crecimiento y de generar un impacto positivo en las vidas de las mascotas y sus familias!   \n \t\t\t\t\t\t\t\t<\/div>\n\t\t\t\t<\/div>\n\t\t\t\t\t<\/div>\n\t\t\t\t<\/div>\n\t\t<div class=\"elementor-element elementor-element-67dc040 e-flex e-con-boxed e-con e-child\" data-id=\"67dc040\" data-element_type=\"container\" data-e-type=\"container\" data-settings=\"{&quot;background_background&quot;:&quot;classic&quot;}\">\n\t\t\t\t\t<div class=\"e-con-inner\">\n\t\t\t\t\t<\/div>\n\t\t\t\t<\/div>\n\t\t\t\t\t<\/div>\n\t\t\t\t<\/div>\n\t\t\t\t\t<\/div>\n\t\t\t\t<\/div>\n\t\t<div class=\"elementor-element elementor-element-1f30b4a e-con-full e-flex e-con e-parent\" data-id=\"1f30b4a\" data-element_type=\"container\" data-e-type=\"container\">\n\t\t\t\t<div class=\"elementor-element elementor-element-f8f2654 elementor-widget elementor-widget-template\" data-id=\"f8f2654\" data-element_type=\"widget\" data-e-type=\"widget\" data-widget_type=\"template.default\">\n\t\t\t\t<div class=\"elementor-widget-container\">\n\t\t\t\t\t\t\t<div class=\"elementor-template\">\n\t\t\t\t\t<div data-elementor-type=\"container\" data-elementor-id=\"23478\" class=\"elementor elementor-23478 elementor-20234\" data-elementor-post-type=\"elementor_library\">\n\t\t\t\t<div class=\"elementor-element elementor-element-627d2f75 e-flex e-con-boxed e-con e-parent\" data-id=\"627d2f75\" data-element_type=\"container\" data-e-type=\"container\" data-settings=\"{&quot;background_background&quot;:&quot;gradient&quot;}\">\n\t\t\t\t\t<div class=\"e-con-inner\">\n\t\t<div class=\"elementor-element elementor-element-3f45a75b pam e-flex e-con-boxed e-con e-child\" data-id=\"3f45a75b\" data-element_type=\"container\" data-e-type=\"container\" data-settings=\"{&quot;background_background&quot;:&quot;classic&quot;}\">\n\t\t\t\t\t<div class=\"e-con-inner\">\n\t\t\t\t<div class=\"elementor-element elementor-element-4d6f90a3 elementor-widget__width-auto max-330 elementor-widget elementor-widget-heading\" data-id=\"4d6f90a3\" data-element_type=\"widget\" data-e-type=\"widget\" data-widget_type=\"heading.default\">\n\t\t\t\t<div class=\"elementor-widget-container\">\n\t\t\t\t\t<h3 class=\"elementor-heading-title elementor-size-default\">\u00bfBusca un cuidador de mascotas en su zona?<\/h3>\t\t\t\t<\/div>\n\t\t\t\t<\/div>\n\t\t\t\t<div class=\"elementor-element elementor-element-1fae1dbd elementor-widget elementor-widget-button\" data-id=\"1fae1dbd\" data-element_type=\"widget\" data-e-type=\"widget\" data-widget_type=\"button.default\">\n\t\t\t\t<div class=\"elementor-widget-container\">\n\t\t\t\t\t\t\t\t\t<div class=\"elementor-button-wrapper\">\n\t\t\t\t\t<a class=\"elementor-button elementor-button-link elementor-size-sm\" href=\"https:\/\/emancipet.org\/es\/buscar-una-clinica\/\">\n\t\t\t\t\t\t<span class=\"elementor-button-content-wrapper\">\n\t\t\t\t\t\t<span class=\"elementor-button-icon\">\n\t\t\t\t<svg xmlns=\"http:\/\/www.w3.org\/2000\/svg\" id=\"Layer_1\" viewBox=\"0 0 100 96.0774\"><defs><style>.cls-1{fill:currentColor;}<\/style><\/defs><path class=\"cls-1\" d=\"m18.7964,27.7867c-2.8902-6.5324-9.1144-10.1105-13.9021-7.9921C.1066,21.9128-1.4316,28.9256,1.4586,35.458c2.8905,6.5322,9.1147,10.1105,13.9023,7.9921,4.7877-2.1184,6.3259-9.1311,3.4355-15.6635\"><\/path><path class=\"cls-1\" d=\"m95.1063,19.7945c-4.7881-2.1184-11.0122,1.4597-13.9026,7.9921s-1.3517,13.5451,3.4364,15.6635c4.7864,2.1184,11.0106-1.4599,13.901-7.9921,2.8904-6.5324,1.3534-13.5452-3.4347-15.6635\"><\/path><path class=\"cls-1\" d=\"m39.3142,30.4228c6.0964-1.6568,9.2069-9.7434,6.9468-18.0618C43.9993,4.0424,37.225-1.358,31.1283.2988c-6.0969,1.6568-9.2069,9.7434-6.9463,18.0618,2.2607,8.3186,9.0356,13.719,15.1322,12.0622\"><\/path><path class=\"cls-1\" d=\"m60.6864,30.4228c6.0968,1.6568,12.8719-3.7436,15.1319-12.0622,2.26-8.3184-.8487-16.405-6.9455-18.0618-6.0968-1.6568-12.8719,3.7436-15.1335,12.0622-2.26,8.3184.8504,16.405,6.9472,18.0618\"><\/path><path class=\"cls-1\" d=\"m49.9323,50.1667c-13.3379-14.7062-28.4986-7.9445-33.1341.6358-13.528,25.0406,32.8099,45.169,33.1341,45.2749.3259-.1059,46.663-20.2343,33.1343-45.2749-4.6342-8.5803-19.7959-15.342-33.1343-.6358\"><\/path><\/svg>\t\t\t<\/span>\n\t\t\t\t\t\t\t\t\t<span class=\"elementor-button-text\">Encuentre su cl\u00ednica<\/span>\n\t\t\t\t\t<\/span>\n\t\t\t\t\t<\/a>\n\t\t\t\t<\/div>\n\t\t\t\t\t\t\t\t<\/div>\n\t\t\t\t<\/div>\n\t\t\t\t\t<\/div>\n\t\t\t\t<\/div>\n\t\t\t\t\t<\/div>\n\t\t\t\t<\/div>\n\t\t\t\t<\/div>\n\t\t\t\t<\/div>\n\t\t\t\t\t\t<\/div>\n\t\t\t\t<\/div>\n\t\t\t\t<\/div>\n\t\t\t\t<\/div>\n\t\t","protected":false},"excerpt":{"rendered":"<p>Celebramos 25 a\u00f1os de atenci\u00f3n veterinaria asequible y accesible Ver informe de impacto Una visi\u00f3n con mentalidad comunitaria En Emancipet, nuestro principio rector es simple pero poderoso: cada mascota merece atenci\u00f3n veterinaria de primer nivel, independientemente de las circunstancias de su due\u00f1o. Y 2024 se enorgullece de cumplir 25 a\u00f1os haciendo que la atenci\u00f3n veterinaria [&hellip;]<\/p>\n","protected":false},"author":278,"featured_media":31077,"parent":0,"menu_order":0,"comment_status":"closed","ping_status":"closed","template":"","meta":{"footnotes":""},"class_list":["post-24622","page","type-page","status-publish","has-post-thumbnail","hentry"],"yoast_head":"<!-- This site is optimized with the Yoast SEO Premium plugin v24.2 (Yoast SEO v27.5) - https:\/\/yoast.com\/product\/yoast-seo-premium-wordpress\/ -->\n<title>25th Anniversary - Emancipet<\/title>\n<meta name=\"robots\" content=\"index, follow, max-snippet:-1, max-image-preview:large, max-video-preview:-1\" \/>\n<link rel=\"canonical\" href=\"https:\/\/emancipet.org\/es\/25th-anniversary\/\" \/>\n<meta property=\"og:locale\" content=\"es_ES\" \/>\n<meta property=\"og:type\" content=\"article\" \/>\n<meta property=\"og:title\" content=\"25th Anniversary\" \/>\n<meta property=\"og:description\" content=\"Celebramos 25 a\u00f1os de atenci\u00f3n veterinaria asequible y accesible Ver informe de impacto Una visi\u00f3n con mentalidad comunitaria En Emancipet, nuestro principio rector es simple pero poderoso: cada mascota merece atenci\u00f3n veterinaria de primer nivel, independientemente de las circunstancias de su due\u00f1o. Y 2024 se enorgullece de cumplir 25 a\u00f1os haciendo que la atenci\u00f3n veterinaria [&hellip;]\" \/>\n<meta property=\"og:url\" content=\"https:\/\/emancipet.org\/es\/25th-anniversary\/\" \/>\n<meta property=\"og:site_name\" content=\"Emancipet\" \/>\n<meta property=\"article:modified_time\" content=\"2025-01-17T18:25:38+00:00\" \/>\n<meta property=\"og:image\" content=\"https:\/\/emancipet.org\/wp-content\/uploads\/2024\/04\/25th-logo.png\" \/>\n\t<meta property=\"og:image:width\" content=\"470\" \/>\n\t<meta property=\"og:image:height\" content=\"300\" \/>\n\t<meta property=\"og:image:type\" content=\"image\/png\" \/>\n<meta name=\"twitter:card\" content=\"summary_large_image\" \/>\n<meta name=\"twitter:site\" content=\"@Emancipet\" \/>\n<meta name=\"twitter:label1\" content=\"Tiempo de lectura\" \/>\n\t<meta name=\"twitter:data1\" content=\"1 minuto\" \/>\n<script type=\"application\/ld+json\" class=\"yoast-schema-graph\">{\"@context\":\"https:\\\/\\\/schema.org\",\"@graph\":[{\"@type\":\"WebPage\",\"@id\":\"https:\\\/\\\/emancipet.org\\\/es\\\/25th-anniversary\\\/\",\"url\":\"https:\\\/\\\/emancipet.org\\\/es\\\/25th-anniversary\\\/\",\"name\":\"25th Anniversary - Emancipet\",\"isPartOf\":{\"@id\":\"https:\\\/\\\/emancipet.org\\\/es\\\/#website\"},\"primaryImageOfPage\":{\"@id\":\"https:\\\/\\\/emancipet.org\\\/es\\\/25th-anniversary\\\/#primaryimage\"},\"image\":{\"@id\":\"https:\\\/\\\/emancipet.org\\\/es\\\/25th-anniversary\\\/#primaryimage\"},\"thumbnailUrl\":\"https:\\\/\\\/emancipet.org\\\/wp-content\\\/uploads\\\/2025\\\/04\\\/Emancipet-Open-Graph-Option-1.jpg\",\"datePublished\":\"2024-04-09T13:13:36+00:00\",\"dateModified\":\"2025-01-17T18:25:38+00:00\",\"breadcrumb\":{\"@id\":\"https:\\\/\\\/emancipet.org\\\/es\\\/25th-anniversary\\\/#breadcrumb\"},\"inLanguage\":\"es\",\"potentialAction\":[{\"@type\":\"ReadAction\",\"target\":[\"https:\\\/\\\/emancipet.org\\\/es\\\/25th-anniversary\\\/\"]}]},{\"@type\":\"ImageObject\",\"inLanguage\":\"es\",\"@id\":\"https:\\\/\\\/emancipet.org\\\/es\\\/25th-anniversary\\\/#primaryimage\",\"url\":\"https:\\\/\\\/emancipet.org\\\/wp-content\\\/uploads\\\/2025\\\/04\\\/Emancipet-Open-Graph-Option-1.jpg\",\"contentUrl\":\"https:\\\/\\\/emancipet.org\\\/wp-content\\\/uploads\\\/2025\\\/04\\\/Emancipet-Open-Graph-Option-1.jpg\",\"width\":1646,\"height\":864},{\"@type\":\"BreadcrumbList\",\"@id\":\"https:\\\/\\\/emancipet.org\\\/es\\\/25th-anniversary\\\/#breadcrumb\",\"itemListElement\":[{\"@type\":\"ListItem\",\"position\":1,\"name\":\"Home\",\"item\":\"https:\\\/\\\/emancipet.org\\\/es\\\/emancipet\\\/\"},{\"@type\":\"ListItem\",\"position\":2,\"name\":\"25th Anniversary\"}]},{\"@type\":\"WebSite\",\"@id\":\"https:\\\/\\\/emancipet.org\\\/es\\\/#website\",\"url\":\"https:\\\/\\\/emancipet.org\\\/es\\\/\",\"name\":\"Emancipet\",\"description\":\"Low Cost Vet Clinics\",\"publisher\":{\"@id\":\"https:\\\/\\\/emancipet.org\\\/es\\\/#organization\"},\"potentialAction\":[{\"@type\":\"SearchAction\",\"target\":{\"@type\":\"EntryPoint\",\"urlTemplate\":\"https:\\\/\\\/emancipet.org\\\/es\\\/?s={search_term_string}\"},\"query-input\":{\"@type\":\"PropertyValueSpecification\",\"valueRequired\":true,\"valueName\":\"search_term_string\"}}],\"inLanguage\":\"es\"},{\"@type\":\"Organization\",\"@id\":\"https:\\\/\\\/emancipet.org\\\/es\\\/#organization\",\"name\":\"Emancipet\",\"url\":\"https:\\\/\\\/emancipet.org\\\/es\\\/\",\"logo\":{\"@type\":\"ImageObject\",\"inLanguage\":\"es\",\"@id\":\"https:\\\/\\\/emancipet.org\\\/es\\\/#\\\/schema\\\/logo\\\/image\\\/\",\"url\":\"\",\"contentUrl\":\"\",\"caption\":\"Emancipet\"},\"image\":{\"@id\":\"https:\\\/\\\/emancipet.org\\\/es\\\/#\\\/schema\\\/logo\\\/image\\\/\"},\"sameAs\":[\"https:\\\/\\\/x.com\\\/Emancipet\"]}]}<\/script>\n<!-- \/ Yoast SEO Premium plugin. -->","yoast_head_json":{"title":"25th Anniversary - Emancipet","robots":{"index":"index","follow":"follow","max-snippet":"max-snippet:-1","max-image-preview":"max-image-preview:large","max-video-preview":"max-video-preview:-1"},"canonical":"https:\/\/emancipet.org\/es\/25th-anniversary\/","og_locale":"es_ES","og_type":"article","og_title":"25th Anniversary","og_description":"Celebramos 25 a\u00f1os de atenci\u00f3n veterinaria asequible y accesible Ver informe de impacto Una visi\u00f3n con mentalidad comunitaria En Emancipet, nuestro principio rector es simple pero poderoso: cada mascota merece atenci\u00f3n veterinaria de primer nivel, independientemente de las circunstancias de su due\u00f1o. Y 2024 se enorgullece de cumplir 25 a\u00f1os haciendo que la atenci\u00f3n veterinaria [&hellip;]","og_url":"https:\/\/emancipet.org\/es\/25th-anniversary\/","og_site_name":"Emancipet","article_modified_time":"2025-01-17T18:25:38+00:00","og_image":[{"width":470,"height":300,"url":"https:\/\/emancipet.org\/wp-content\/uploads\/2024\/04\/25th-logo.png","type":"image\/png"}],"twitter_card":"summary_large_image","twitter_site":"@Emancipet","twitter_misc":{"Tiempo de lectura":"1 minuto"},"schema":{"@context":"https:\/\/schema.org","@graph":[{"@type":"WebPage","@id":"https:\/\/emancipet.org\/es\/25th-anniversary\/","url":"https:\/\/emancipet.org\/es\/25th-anniversary\/","name":"25th Anniversary - Emancipet","isPartOf":{"@id":"https:\/\/emancipet.org\/es\/#website"},"primaryImageOfPage":{"@id":"https:\/\/emancipet.org\/es\/25th-anniversary\/#primaryimage"},"image":{"@id":"https:\/\/emancipet.org\/es\/25th-anniversary\/#primaryimage"},"thumbnailUrl":"https:\/\/emancipet.org\/wp-content\/uploads\/2025\/04\/Emancipet-Open-Graph-Option-1.jpg","datePublished":"2024-04-09T13:13:36+00:00","dateModified":"2025-01-17T18:25:38+00:00","breadcrumb":{"@id":"https:\/\/emancipet.org\/es\/25th-anniversary\/#breadcrumb"},"inLanguage":"es","potentialAction":[{"@type":"ReadAction","target":["https:\/\/emancipet.org\/es\/25th-anniversary\/"]}]},{"@type":"ImageObject","inLanguage":"es","@id":"https:\/\/emancipet.org\/es\/25th-anniversary\/#primaryimage","url":"https:\/\/emancipet.org\/wp-content\/uploads\/2025\/04\/Emancipet-Open-Graph-Option-1.jpg","contentUrl":"https:\/\/emancipet.org\/wp-content\/uploads\/2025\/04\/Emancipet-Open-Graph-Option-1.jpg","width":1646,"height":864},{"@type":"BreadcrumbList","@id":"https:\/\/emancipet.org\/es\/25th-anniversary\/#breadcrumb","itemListElement":[{"@type":"ListItem","position":1,"name":"Home","item":"https:\/\/emancipet.org\/es\/emancipet\/"},{"@type":"ListItem","position":2,"name":"25th Anniversary"}]},{"@type":"WebSite","@id":"https:\/\/emancipet.org\/es\/#website","url":"https:\/\/emancipet.org\/es\/","name":"Emancipet","description":"Low Cost Vet Clinics","publisher":{"@id":"https:\/\/emancipet.org\/es\/#organization"},"potentialAction":[{"@type":"SearchAction","target":{"@type":"EntryPoint","urlTemplate":"https:\/\/emancipet.org\/es\/?s={search_term_string}"},"query-input":{"@type":"PropertyValueSpecification","valueRequired":true,"valueName":"search_term_string"}}],"inLanguage":"es"},{"@type":"Organization","@id":"https:\/\/emancipet.org\/es\/#organization","name":"Emancipet","url":"https:\/\/emancipet.org\/es\/","logo":{"@type":"ImageObject","inLanguage":"es","@id":"https:\/\/emancipet.org\/es\/#\/schema\/logo\/image\/","url":"","contentUrl":"","caption":"Emancipet"},"image":{"@id":"https:\/\/emancipet.org\/es\/#\/schema\/logo\/image\/"},"sameAs":["https:\/\/x.com\/Emancipet"]}]}},"_links":{"self":[{"href":"https:\/\/emancipet.org\/es\/wp-json\/wp\/v2\/pages\/24622","targetHints":{"allow":["GET"]}}],"collection":[{"href":"https:\/\/emancipet.org\/es\/wp-json\/wp\/v2\/pages"}],"about":[{"href":"https:\/\/emancipet.org\/es\/wp-json\/wp\/v2\/types\/page"}],"author":[{"embeddable":true,"href":"https:\/\/emancipet.org\/es\/wp-json\/wp\/v2\/users\/278"}],"replies":[{"embeddable":true,"href":"https:\/\/emancipet.org\/es\/wp-json\/wp\/v2\/comments?post=24622"}],"version-history":[{"count":0,"href":"https:\/\/emancipet.org\/es\/wp-json\/wp\/v2\/pages\/24622\/revisions"}],"wp:featuredmedia":[{"embeddable":true,"href":"https:\/\/emancipet.org\/es\/wp-json\/wp\/v2\/media\/31077"}],"wp:attachment":[{"href":"https:\/\/emancipet.org\/es\/wp-json\/wp\/v2\/media?parent=24622"}],"curies":[{"name":"wp","href":"https:\/\/api.w.org\/{rel}","templated":true}]}}